{"id":2010,"date":"2013-08-11T19:06:15","date_gmt":"2013-08-11T19:06:15","guid":{"rendered":"https:\/\/wantarts.com\/a-propos\/"},"modified":"2024-11-15T05:21:36","modified_gmt":"2024-11-15T05:21:36","slug":"a-propos","status":"publish","type":"page","link":"https:\/\/wantarts.com\/fr\/a-propos\/","title":{"rendered":"\u00c0 propos"},"content":{"rendered":"\n\n  <div class=\"banner has-hover has-parallax\" id=\"banner-1399456524\">\n          <div class=\"banner-inner fill\">\n        <div class=\"banner-bg fill\" data-parallax=\"-3\" data-parallax-container=\".banner\" data-parallax-background>\n            <img loading=\"lazy\" decoding=\"async\" width=\"1276\" height=\"1048\" src=\"https:\/\/wantarts.com\/wp-content\/uploads\/2024\/09\/Logo-Wantarts.png\" class=\"bg attachment-original size-original\" alt=\"\" \/>                        <div class=\"overlay\"><\/div>            \n                    <\/div>\n\t\t\n        <div class=\"banner-layers container\">\n            <div class=\"fill banner-link\"><\/div>            \n\n   <div id=\"text-box-2071052106\" class=\"text-box banner-layer x50 md-x50 lg-x50 y80 md-y80 lg-y80 res-text\">\n                                <div class=\"text-box-content text dark\">\n              \n              <div class=\"text-inner text-center\">\n                  \n\n\t<div id=\"text-1310696667\" class=\"text\">\n\t\t\n\n<h1><strong><span style=\"color: #00aae7;\">M<\/span>onde des <span style=\"color: #00aae7;\">A<\/span>rts, <\/strong><\/h1>\n<h1><strong><span style=\"color: #00aae7;\">R<\/span>\u00e9seau de <span style=\"color: #00aae7;\">T<\/span>alents<\/strong><\/h1>\n<p> <\/p>\n<p>Bienvenue chez l&rsquo;<\/p>\n<p><strong><span style=\"color: #00ffff;\">A<\/span>ssociation <span style=\"color: #00ffff;\">m<\/span>ondiale pour les <span style=\"color: #00ffff;\">n<\/span>ouveaux <span style=\"color: #00ffff;\">t<\/span>alents, la <span style=\"color: #00ffff;\">r<\/span>econnaissance des <span style=\"color: #00ffff;\">a<\/span>rts et le <span style=\"color: #00ffff;\">s<\/span>outien aux <span style=\"color: #00ffff;\">t<\/span>alents<\/strong><\/p>\n\t\t\n<style>\n#text-1310696667 {\n  font-size: 1.35rem;\n}\n<\/style>\n\t<\/div>\n\t\n\n              <\/div>\n           <\/div>\n                            \n<style>\n#text-box-2071052106 {\n  width: 75%;\n}\n#text-box-2071052106 .text-box-content {\n  font-size: 100%;\n}\n<\/style>\n    <\/div>\n \n\n        <\/div>\n      <\/div>\n\n            \n<style>\n#banner-1399456524 {\n  padding-top: 749px;\n}\n#banner-1399456524 .overlay {\n  background-color: rgba(0, 0, 0, 0.49);\n}\n#banner-1399456524 .banner-bg img {\n  object-position: 48% 52%;\n}\n<\/style>\n  <\/div>\n\n\n\n\t<section class=\"section\" id=\"section_594403179\">\n\t\t<div class=\"section-bg fill\" >\n\t\t\t\t\t\t\t\t\t\n\t\t\t\n\n\t\t<\/div>\n\n\t\t\n\n\t\t<div class=\"section-content relative\">\n\t\t\t\n\n<div class=\"row\"  id=\"row-1122160393\">\n\n\n\t<div id=\"col-297515010\" class=\"col medium-4 small-12 large-4\"  >\n\t\t\t\t<div class=\"col-inner\"  >\n\t\t\t\n\t\t\t\n\n\t<div id=\"gap-552834989\" class=\"gap-element clearfix\" style=\"display:block; height:auto;\">\n\t\t\n<style>\n#gap-552834989 {\n  padding-top: 30px;\n}\n<\/style>\n\t<\/div>\n\t\n\n\t<div id=\"text-3379618307\" class=\"text\">\n\t\t\n\n<h2> <\/h2>\n<h2><strong>Qui sommes nous<br><\/strong><\/h2>\n\t\t\n<style>\n#text-3379618307 {\n  font-size: 1.75rem;\n  color: #5dade2;\n}\n#text-3379618307 > * {\n  color: #5dade2;\n}\n<\/style>\n\t<\/div>\n\t\n\n\t\t<\/div>\n\t\t\t\t\t<\/div>\n\n\t\n\n\t<div id=\"col-488205665\" class=\"col medium-8 small-12 large-8\"  >\n\t\t\t\t<div class=\"col-inner\"  >\n\t\t\t\n\t\t\t\n\n\t<div id=\"text-813835622\" class=\"text\">\n\t\t\n\n<p> <\/p>\n<p>WantArts est un leader en <strong>evenementiel, conseil et fournisseur d&rsquo;art<\/strong>, d\u00e9di\u00e9 \u00e0 relier la cr\u00e9ativit\u00e9 au monde des affaires. Nous promouvons des artistes talentueux, recherchons des \u0153uvres d\u2019art exceptionnelles et proposons des solutions artistiques personnalis\u00e9es \u00e0 des secteurs tels que l\u2019<strong>h\u00f4tellerie de luxe, les spas et l\u2019immobilier<\/strong>. Notre objectif est d\u2019\u00e9lever les espaces gr\u00e2ce aux arts.  <\/p>\n\t\t\n<style>\n#text-813835622 {\n  font-size: 1.45rem;\n  text-align: left;\n  color: rgb(0,0,0);\n}\n#text-813835622 > * {\n  color: rgb(0,0,0);\n}\n<\/style>\n\t<\/div>\n\t\n\n\t\t<\/div>\n\t\t\t\t\t<\/div>\n\n\t\n\n<\/div>\n\n\t\t<\/div>\n\n\t\t\n<style>\n#section_594403179 {\n  padding-top: 0px;\n  padding-bottom: 0px;\n  background-color: rgb(237, 233, 227);\n}\n<\/style>\n\t<\/section>\n\t\n\n\t<section class=\"section\" id=\"section_1030244830\">\n\t\t<div class=\"section-bg fill\" >\n\t\t\t\t\t\t\t\t\t\n\t\t\t\n\n\t\t<\/div>\n\n\t\t\n\n\t\t<div class=\"section-content relative\">\n\t\t\t\n\n<div class=\"row\"  id=\"row-1612459123\">\n\n\n\t<div id=\"col-1309948333\" class=\"col small-12 large-12\"  >\n\t\t\t\t<div class=\"col-inner text-center\"  >\n\t\t\t\n\t\t\t\n\n\t<div id=\"text-1876015537\" class=\"text\">\n\t\t\n\n<h2>CONSEILLER D&rsquo;ARTISTES ET CONSEILLER EN ART<\/h2>\n\t\t\n<style>\n#text-1876015537 {\n  font-size: 1.6rem;\n  text-align: center;\n  color: rgb(255,255,255);\n}\n#text-1876015537 > * {\n  color: rgb(255,255,255);\n}\n<\/style>\n\t<\/div>\n\t\n\t<div id=\"text-1623460657\" class=\"text\">\n\t\t\n\n<h3>WantArts est une <strong>plateforme \u00e0 but non lucratif<\/strong> d\u00e9di\u00e9e \u00e0 la d\u00e9couverte, au soutien et \u00e0 la promotion des artistes.<\/h3><h3>Nous cr\u00e9ons des ponts entre cr\u00e9ateurs talentueux et partenaires commerciaux.<\/h3>\n\t\t\n<style>\n#text-1623460657 {\n  text-align: center;\n  color: rgb(255,255,255);\n}\n#text-1623460657 > * {\n  color: rgb(255,255,255);\n}\n<\/style>\n\t<\/div>\n\t\n\n\t\t<\/div>\n\t\t\t\t\t<\/div>\n\n\t\n\n<\/div>\n<div class=\"row align-equal row-box-shadow-2-hover\"  id=\"row-871648875\">\n\n\n\t<div id=\"col-1584932210\" class=\"col medium-6 small-12 large-4\"  data-animate=\"fadeInLeft\">\n\t\t\t\t<div class=\"col-inner\" style=\"background-color:rgb(255,255,255);\" >\n\t\t\t\n\t\t\t\n\n\n\t<a class=\"plain\" href=\"#\" >\t<div class=\"icon-box featured-box icon-box-center text-center\"  >\n\t\t\t\t<div class=\"icon-box-text last-reset\">\n\t\t\t\t\t\t\t\t\t\n\n\t<div id=\"text-1153832936\" class=\"text\">\n\t\t\n\n<h3><span style=\"color: #f99b1c;\"><strong>R\u00c9V\u00c9LER<\/strong><\/span><\/h3>\n<p><span style=\"font-size: 90%;\">la beaut\u00e9 cach\u00e9e de votre espace avec notre collection d&rsquo;art organis\u00e9e<\/span><\/p>\n\t\t\n<style>\n#text-1153832936 {\n  font-size: 1.25rem;\n}\n<\/style>\n\t<\/div>\n\t\n\n\t\t<\/div>\n\t<\/div>\n\t<\/a>\n\t\n\n\t\t<\/div>\n\t\t\t\t\t<\/div>\n\n\t\n\n\t<div id=\"col-66738967\" class=\"col medium-6 small-12 large-4\"  data-animate=\"fadeInUp\">\n\t\t\t\t<div class=\"col-inner\"  >\n\t\t\t\n\t\t\t\n\n\n\t<a class=\"plain\" href=\"#\" >\t<div class=\"icon-box featured-box icon-box-center text-center\"  >\n\t\t\t\t<div class=\"icon-box-text last-reset\">\n\t\t\t\t\t\t\t\t\t\n\n\t<div id=\"text-3209381636\" class=\"text\">\n\t\t\n\n<h3><span style=\"color: #f99b1c;\"><strong>SUPPORTER<\/strong><\/span><\/h3>\n<p><span style=\"font-size: 90%;\">artistes \u00e9mergents tout en rehaussant votre d\u00e9coration int\u00e9rieure<\/span><\/p>\n\t\t\n<style>\n#text-3209381636 {\n  font-size: 1.25rem;\n}\n<\/style>\n\t<\/div>\n\t\n\n\t\t<\/div>\n\t<\/div>\n\t<\/a>\n\t\n\n\t\t<\/div>\n\t\t\t\t\t<\/div>\n\n\t\n\n\t<div id=\"col-1236869609\" class=\"col medium-6 small-12 large-4\"  data-animate=\"fadeInRight\">\n\t\t\t\t<div class=\"col-inner\"  >\n\t\t\t\n\t\t\t\n\n\n\t<a class=\"plain\" href=\"#\" >\t<div class=\"icon-box featured-box icon-box-center text-center\"  >\n\t\t\t\t<div class=\"icon-box-text last-reset\">\n\t\t\t\t\t\t\t\t\t\n\n\t<div id=\"text-1349383441\" class=\"text\">\n\t\t\n\n<h3><span style=\"color: #f99b1c;\"><strong>PROMOUVOIR<\/strong><\/span><\/h3>\n<p><span style=\"font-size: 90%;\">votre objectif avec des \u0153uvres d&rsquo;art uniques et sur mesure<\/span><\/p>\n\t\t\n<style>\n#text-1349383441 {\n  font-size: 1.25rem;\n}\n<\/style>\n\t<\/div>\n\t\n\n\t\t<\/div>\n\t<\/div>\n\t<\/a>\n\t\n\n\t\t<\/div>\n\t\t\t\t\t<\/div>\n\n\t\n\n\n<style>\n#row-871648875 > .col > .col-inner {\n  padding: 40px 40px 40px 40px;\n  background-color: rgb(255,255,255);\n  border-radius: 20px;\n}\n<\/style>\n<\/div>\n\t<div id=\"text-3953837727\" class=\"text\">\n\t\t\n\n<p>D\u00e9couvrez une s\u00e9lection d&rsquo;artistes contemporains qui c\u00e9l\u00e8brent la cr\u00e9ativit\u00e9 et la diversit\u00e9. Investir dans le patrimoine artistique tout en soutenant une d\u00e9marche solidaire. <\/p>\n\t\t\n<style>\n#text-3953837727 {\n  font-size: 1.65rem;\n  text-align: center;\n  color: rgb(255,255,255);\n}\n#text-3953837727 > * {\n  color: rgb(255,255,255);\n}\n<\/style>\n\t<\/div>\n\t\n\n\t\t<\/div>\n\n\t\t\n<style>\n#section_1030244830 {\n  padding-top: 30px;\n  padding-bottom: 30px;\n  background-color: rgb(11, 29, 44);\n}\n<\/style>\n\t<\/section>\n\t\n\n\t<section class=\"section\" id=\"section_1624772137\">\n\t\t<div class=\"section-bg fill\" >\n\t\t\t\t\t\t\t\t\t\n\t\t\t\n\n\t\t<\/div>\n\n\t\t\n\n\t\t<div class=\"section-content relative\">\n\t\t\t\n\n<div class=\"row\"  id=\"row-856065624\">\n\n\n\t<div id=\"col-1656009385\" class=\"col medium-4 small-12 large-4\"  >\n\t\t\t\t<div class=\"col-inner\"  >\n\t\t\t\n\t\t\t\n\n\t<div id=\"text-908155964\" class=\"text\">\n\t\t\n\n<h2><strong>Ce que nous faisons<\/strong><\/h2>\n\t\t\n<style>\n#text-908155964 {\n  font-size: 1.75rem;\n  color: #5dade2;\n}\n#text-908155964 > * {\n  color: #5dade2;\n}\n<\/style>\n\t<\/div>\n\t\n\n\t\t<\/div>\n\t\t\t\t\t<\/div>\n\n\t\n\n\t<div id=\"col-413752125\" class=\"col medium-8 small-12 large-8\"  >\n\t\t\t\t<div class=\"col-inner\"  >\n\t\t\t\n\t\t\t\n\n\t<div id=\"text-1635466026\" class=\"text\">\n\t\t\n\n<ul>\n<li><em><strong>D\u00e9couverte de talents :<\/strong><\/em> nous recherchons activement de nouveaux talents et leur fournissons les ressources et les conseils n\u00e9cessaires pour \u00e9lever leur pratique artistique.<\/li>\n<li><em><strong>Expositions mondiales :<\/strong><\/em> nous organisons des expositions et des \u00e9v\u00e9nements mondiaux qui mettent en valeur la diversit\u00e9 et la cr\u00e9ativit\u00e9 des artistes \u00e9mergents.<\/li>\n<li><strong><em>R\u00e9seautage et collaboration :<\/em><\/strong> WANTARTS est plus qu&rsquo;une plate-forme : c&rsquo;est une communaut\u00e9 mondiale. Nous favorisons des liens significatifs entre les artistes, les galeries, les conservateurs et les collectionneurs. <\/li>\n<li><strong><em>Mentorat et soutien :<\/em><\/strong> Notre association propose des programmes de mentorat con\u00e7us pour donner aux artistes les outils et les connaissances dont ils ont besoin pour r\u00e9ussir dans le monde de l&rsquo;art.<\/li>\n<\/ul>\n\t\t\n<style>\n#text-1635466026 {\n  font-size: 1.5rem;\n  color: rgb(0,0,0);\n}\n#text-1635466026 > * {\n  color: rgb(0,0,0);\n}\n<\/style>\n\t<\/div>\n\t\n\n\t\t<\/div>\n\t\t\t\t\t<\/div>\n\n\t\n\n<\/div>\n\n\t\t<\/div>\n\n\t\t\n<style>\n#section_1624772137 {\n  padding-top: 0px;\n  padding-bottom: 0px;\n  background-color: rgb(255,255,255);\n}\n<\/style>\n\t<\/section>\n\t\n\n\t<section class=\"section\" id=\"section_526426498\">\n\t\t<div class=\"section-bg fill\" >\n\t\t\t\t\t\t\t\t\t\n\t\t\t\n\n\t\t<\/div>\n\n\t\t\n\n\t\t<div class=\"section-content relative\">\n\t\t\t\n\n<div class=\"row\"  id=\"row-1073845695\">\n\n\n\t<div id=\"col-534754922\" class=\"col medium-4 small-12 large-4\"  >\n\t\t\t\t<div class=\"col-inner\"  >\n\t\t\t\n\t\t\t\n\n\t<div id=\"text-1894426826\" class=\"text\">\n\t\t\n\n<h3><strong>Promotion des artistes<\/strong><\/h3>\n\t\t\n<style>\n#text-1894426826 {\n  font-size: 1.75rem;\n  color: rgb(0,0,0);\n}\n#text-1894426826 > * {\n  color: rgb(0,0,0);\n}\n<\/style>\n\t<\/div>\n\t\n\n\t\t<\/div>\n\t\t\t\t\t<\/div>\n\n\t\n\n\t<div id=\"col-1378788336\" class=\"col medium-8 small-12 large-8\"  >\n\t\t\t\t<div class=\"col-inner\"  >\n\t\t\t\n\t\t\t\n\n\t<div id=\"text-3698838638\" class=\"text\">\n\t\t\n\n<p>Chez WantArts, nous offrons une <strong>exposition cibl\u00e9e<\/strong> aux artistes, en les aidant \u00e0 entrer en contact avec des <strong>collectionneurs, des professionnels de l&rsquo;industrie et des lieux de luxe<\/strong>. Nous veillons \u00e0 ce que leur travail atteigne le bon public, offrant ainsi de nouvelles opportunit\u00e9s de <strong>visibilit\u00e9 et de croissance.<\/strong> <\/p>\n\t\t\n<style>\n#text-3698838638 {\n  font-size: 1.5rem;\n  color: rgb(0,0,0);\n}\n#text-3698838638 > * {\n  color: rgb(0,0,0);\n}\n<\/style>\n\t<\/div>\n\t\n\n\t\t<\/div>\n\t\t\t\t\t<\/div>\n\n\t\n\n<\/div>\n\n\t\t<\/div>\n\n\t\t\n<style>\n#section_526426498 {\n  padding-top: 0px;\n  padding-bottom: 0px;\n  background-color: rgb(255, 255, 255);\n}\n<\/style>\n\t<\/section>\n\t\n\n\t<section class=\"section\" id=\"section_204972005\">\n\t\t<div class=\"section-bg fill\" >\n\t\t\t\t\t\t\t\t\t\n\t\t\t\n\n\t\t<\/div>\n\n\t\t\n\n\t\t<div class=\"section-content relative\">\n\t\t\t\n\n<div class=\"row\"  id=\"row-324668507\">\n\n\n\t<div id=\"col-1813990980\" class=\"col medium-4 small-12 large-4\"  >\n\t\t\t\t<div class=\"col-inner\"  >\n\t\t\t\n\t\t\t\n\n\t<div id=\"text-1223406342\" class=\"text\">\n\t\t\n\n<h3><strong>Services de conseil en art<\/strong><\/h3>\n<h4><strong> <\/strong><\/h4>\n\t\t\n<style>\n#text-1223406342 {\n  font-size: 1.75rem;\n  color: rgb(0,0,0);\n}\n#text-1223406342 > * {\n  color: rgb(0,0,0);\n}\n<\/style>\n\t<\/div>\n\t\n\n\t\t<\/div>\n\t\t\t\t\t<\/div>\n\n\t\n\n\t<div id=\"col-2071273193\" class=\"col medium-8 small-12 large-8\"  >\n\t\t\t\t<div class=\"col-inner\"  >\n\t\t\t\n\t\t\t\n\n\t<div id=\"text-3186343024\" class=\"text\">\n\t\t\n\n<p>En tant que <strong>conseillers en art<\/strong>, nous aidons nos clients \u00e0 s\u00e9lectionner l\u2019\u0153uvre d\u2019art parfaite qui refl\u00e8te leur marque et met en valeur leur espace. Que ce soit pour un projet d&rsquo;h\u00f4tel, de spa ou immobilier, WantArts veille \u00e0 ce que chaque pi\u00e8ce que nous s\u00e9lectionnons ajoute une <strong>valeur esth\u00e9tique et culturelle<\/strong> \u00e0 l&rsquo;environnement. <\/p>\n\t\t\n<style>\n#text-3186343024 {\n  font-size: 1.5rem;\n  color: rgb(0,0,0);\n}\n#text-3186343024 > * {\n  color: rgb(0,0,0);\n}\n<\/style>\n\t<\/div>\n\t\n\n\t\t<\/div>\n\t\t\t\t\t<\/div>\n\n\t\n\n<\/div>\n\n\t\t<\/div>\n\n\t\t\n<style>\n#section_204972005 {\n  padding-top: 0px;\n  padding-bottom: 0px;\n  background-color: rgb(255,255,255);\n}\n<\/style>\n\t<\/section>\n\t\n\n\t<section class=\"section\" id=\"section_1724712084\">\n\t\t<div class=\"section-bg fill\" >\n\t\t\t\t\t\t\t\t\t\n\t\t\t\n\n\t\t<\/div>\n\n\t\t\n\n\t\t<div class=\"section-content relative\">\n\t\t\t\n\n<div class=\"row\"  id=\"row-1988083997\">\n\n\n\t<div id=\"col-1892787523\" class=\"col medium-4 small-12 large-4\"  >\n\t\t\t\t<div class=\"col-inner\"  >\n\t\t\t\n\t\t\t\n\n\t<div id=\"text-1283032224\" class=\"text\">\n\t\t\n\n<h3><strong>Fourniture et installation d&rsquo;art<\/strong><\/h3>\n\t\t\n<style>\n#text-1283032224 {\n  font-size: 1.75rem;\n  color: rgb(0,0,0);\n}\n#text-1283032224 > * {\n  color: rgb(0,0,0);\n}\n<\/style>\n\t<\/div>\n\t\n\n\t\t<\/div>\n\t\t\t\t\t<\/div>\n\n\t\n\n\t<div id=\"col-11656136\" class=\"col medium-8 small-12 large-8\"  >\n\t\t\t\t<div class=\"col-inner\"  >\n\t\t\t\n\t\t\t\n\n\t<div id=\"text-3061041479\" class=\"text\">\n\t\t\n\n<p>Nous proposons des solutions de bout en bout en tant que <strong>fournisseurs d&rsquo;art<\/strong>, g\u00e9rant chaque d\u00e9tail, de l&rsquo;approvisionnement \u00e0 l&rsquo;installation. Notre service garantit que les bonnes \u0153uvres d\u2019art sont livr\u00e9es et install\u00e9es de mani\u00e8re transparente, am\u00e9liorant ainsi l\u2019atmosph\u00e8re des <strong>espaces de luxe.<\/strong> <\/p>\n\t\t\n<style>\n#text-3061041479 {\n  font-size: 1.5rem;\n  color: rgb(0,0,0);\n}\n#text-3061041479 > * {\n  color: rgb(0,0,0);\n}\n<\/style>\n\t<\/div>\n\t\n\n\t\t<\/div>\n\t\t\t\t\t<\/div>\n\n\t\n\n<\/div>\n\n\t\t<\/div>\n\n\t\t\n<style>\n#section_1724712084 {\n  padding-top: 0px;\n  padding-bottom: 0px;\n  background-color: rgb(255,255,255);\n}\n<\/style>\n\t<\/section>\n\t\n\n\t<section class=\"section\" id=\"section_752735693\">\n\t\t<div class=\"section-bg fill\" >\n\t\t\t\t\t\t\t\t\t\n\t\t\t\n\n\t\t<\/div>\n\n\t\t\n\n\t\t<div class=\"section-content relative\">\n\t\t\t\n\n<div class=\"row\"  id=\"row-141367990\">\n\n\n\t<div id=\"col-1577190121\" class=\"col medium-4 small-12 large-4\"  >\n\t\t\t\t<div class=\"col-inner\"  >\n\t\t\t\n\t\t\t\n\n\t<div id=\"text-3318238902\" class=\"text\">\n\t\t\n\n<h2><strong>Notre mission<\/strong><\/h2>\n<h3><strong> <\/strong><\/h3>\n\t\t\n<style>\n#text-3318238902 {\n  font-size: 1.75rem;\n  color: #5dade2;\n}\n#text-3318238902 > * {\n  color: #5dade2;\n}\n<\/style>\n\t<\/div>\n\t\n\n\t\t<\/div>\n\t\t\t\t\t<\/div>\n\n\t\n\n\t<div id=\"col-117054763\" class=\"col medium-8 small-12 large-8\"  >\n\t\t\t\t<div class=\"col-inner\"  >\n\t\t\t\n\t\t\t\n\n\t<div id=\"text-3732117224\" class=\"text\">\n\t\t\n\n<p>WantArts transforme les environnements en cr\u00e9ant des liens significatifs entre <strong>l&rsquo;art, les artistes et les espaces.<\/strong> Les artistes b\u00e9n\u00e9ficient de nouvelles plateformes pour pr\u00e9senter leur travail, tandis que les clients b\u00e9n\u00e9ficient de <strong>solutions artistiques sur mesure<\/strong> qui rehaussent leurs projets. Nous sommes un partenaire de confiance pour donner vie \u00e0 l\u2019art dans des l<strong>ieux prestigieux<\/strong> du monde entier.  <\/p>\n\t\t\n<style>\n#text-3732117224 {\n  font-size: 1.5rem;\n  color: rgb(0,0,0);\n}\n#text-3732117224 > * {\n  color: rgb(0,0,0);\n}\n<\/style>\n\t<\/div>\n\t\n\n\t\t<\/div>\n\t\t\t\t\t<\/div>\n\n\t\n\n<\/div>\n\n\t\t<\/div>\n\n\t\t\n<style>\n#section_752735693 {\n  padding-top: 0px;\n  padding-bottom: 0px;\n  background-color: rgb(237, 233, 227);\n}\n<\/style>\n\t<\/section>\n\t\n\n","protected":false},"excerpt":{"rendered":"","protected":false},"author":1,"featured_media":0,"parent":0,"menu_order":0,"comment_status":"closed","ping_status":"closed","template":"page-transparent-header.php","meta":{"footnotes":""},"class_list":["post-2010","page","type-page","status-publish","hentry"],"_links":{"self":[{"href":"https:\/\/wantarts.com\/fr\/wp-json\/wp\/v2\/pages\/2010","targetHints":{"allow":["GET"]}}],"collection":[{"href":"https:\/\/wantarts.com\/fr\/wp-json\/wp\/v2\/pages"}],"about":[{"href":"https:\/\/wantarts.com\/fr\/wp-json\/wp\/v2\/types\/page"}],"author":[{"embeddable":true,"href":"https:\/\/wantarts.com\/fr\/wp-json\/wp\/v2\/users\/1"}],"replies":[{"embeddable":true,"href":"https:\/\/wantarts.com\/fr\/wp-json\/wp\/v2\/comments?post=2010"}],"version-history":[{"count":1,"href":"https:\/\/wantarts.com\/fr\/wp-json\/wp\/v2\/pages\/2010\/revisions"}],"predecessor-version":[{"id":2011,"href":"https:\/\/wantarts.com\/fr\/wp-json\/wp\/v2\/pages\/2010\/revisions\/2011"}],"wp:attachment":[{"href":"https:\/\/wantarts.com\/fr\/wp-json\/wp\/v2\/media?parent=2010"}],"curies":[{"name":"wp","href":"https:\/\/api.w.org\/{rel}","templated":true}]}}