{"id":2013,"date":"2024-10-13T14:28:43","date_gmt":"2024-10-13T14:28:43","guid":{"rendered":"https:\/\/wantarts.com\/conseils-en-arts\/"},"modified":"2024-11-15T06:18:57","modified_gmt":"2024-11-15T06:18:57","slug":"conseils-en-arts","status":"publish","type":"page","link":"https:\/\/wantarts.com\/fr\/conseils-en-arts\/","title":{"rendered":"Conseils en Arts"},"content":{"rendered":"\n\n\t<section class=\"section dark has-parallax\" id=\"section_2031106505\">\n\t\t<div class=\"section-bg fill\" data-parallax-container=\".section\" data-parallax-background data-parallax=\"-5\">\n\t\t\t<img loading=\"lazy\" decoding=\"async\" width=\"1024\" height=\"1024\" src=\"https:\/\/wantarts.com\/wp-content\/uploads\/2024\/11\/WantArts-Consultancy-Service.png\" class=\"bg attachment-original size-original\" alt=\"\" \/>\t\t\t\t\t\t\n\t\t\t\n\n\t\t<\/div>\n\n\t\t\n\n\t\t<div class=\"section-content relative\">\n\t\t\t\n\n<div class=\"row\"  id=\"row-1728281928\">\n\n\n\t<div id=\"col-1780196284\" class=\"col medium-8 small-12 large-9\"  >\n\t\t\t\t<div class=\"col-inner\"  >\n\t\t\t\n\t\t\t\n\n\t<div id=\"gap-1077460547\" class=\"gap-element clearfix\" style=\"display:block; height:auto;\">\n\t\t\n<style>\n#gap-1077460547 {\n  padding-top: 50px;\n}\n<\/style>\n\t<\/div>\n\t\n\n<div class=\"is-divider divider clearfix\" style=\"margin-top:10px;margin-bottom:10px;max-width:100px;background-color:rgb(111, 166, 212);\"><\/div>\n\n\t<div id=\"text-71363526\" class=\"text\">\n\t\t\n\n<h2>S\u00e9lection d&rsquo;\u00e9dition limit\u00e9e<\/h2>\n\t\t\n<style>\n#text-71363526 {\n  line-height: 0.75;\n  color: rgb(0,0,0);\n}\n#text-71363526 > * {\n  color: rgb(0,0,0);\n}\n<\/style>\n\t<\/div>\n\t\n\t<div id=\"text-3432727402\" class=\"text\">\n\t\t\n\n<h1><span style=\"font-size: 200%;\"><strong>Service de conseil WantArts<\/strong><\/span><\/h1>\n\t\t\n<style>\n#text-3432727402 {\n  line-height: 0.75;\n  color: rgb(0,0,0);\n}\n#text-3432727402 > * {\n  color: rgb(0,0,0);\n}\n<\/style>\n\t<\/div>\n\t\n\t<div id=\"gap-1559433262\" class=\"gap-element clearfix\" style=\"display:block; height:auto;\">\n\t\t\n<style>\n#gap-1559433262 {\n  padding-top: 50px;\n}\n<\/style>\n\t<\/div>\n\t\n\n<a href=\"https:\/\/wantarts.com\/support\/contact\/\" class=\"button success is-outline is-large\"  >\n\t\t<span>Envoyer une demande<\/span>\n\t<i class=\"icon-angle-right\" aria-hidden=\"true\" ><\/i><\/a>\n\n\n\n\t\t<\/div>\n\t\t\t\t\t<\/div>\n\n\t\n\n<\/div>\n\n\t\t<\/div>\n\n\t\t\n<style>\n#section_2031106505 {\n  padding-top: 30px;\n  padding-bottom: 30px;\n  min-height: 500px;\n}\n#section_2031106505 .section-bg img {\n  object-position: 12% 27%;\n}\n@media (min-width:550px) {\n  #section_2031106505 {\n    min-height: 600px;\n  }\n}\n@media (min-width:850px) {\n  #section_2031106505 {\n    min-height: 600px;\n  }\n}\n<\/style>\n\t<\/section>\n\t\n\n\t<section class=\"section\" id=\"section_1323405413\">\n\t\t<div class=\"section-bg fill\" >\n\t\t\t\t\t\t\t\t\t\n\t\t\t\n\n\t\t<\/div>\n\n\t\t\n\n\t\t<div class=\"section-content relative\">\n\t\t\t\n\n<div class=\"row\" style=\"max-width:1200px\" id=\"row-1606501087\">\n\n\n\t<div id=\"col-475677864\" class=\"col small-12 large-12\"  >\n\t\t\t\t<div class=\"col-inner\" style=\"background-color:rgb(255, 255, 255);\" >\n\t\t\t\n\t\t\t\n\n<div class=\"row align-middle align-right\" style=\"max-width:1200px\" id=\"row-90975643\">\n\n\n\t<div id=\"col-1429427145\" class=\"col medium-12 small-12 large-7\"  >\n\t\t\t\t<div class=\"col-inner\"  >\n\t\t\t\n\t\t\t\n\n\t<div id=\"gap-1380667989\" class=\"gap-element clearfix\" style=\"display:block; height:auto;\">\n\t\t\n<style>\n#gap-1380667989 {\n  padding-top: 5px;\n}\n@media (min-width:550px) {\n  #gap-1380667989 {\n    padding-top: 50px;\n  }\n}\n<\/style>\n\t<\/div>\n\t\n\n\t<div id=\"text-3215982517\" class=\"text\">\n\t\t\n\n<h3><strong>SERVICES WANTARTS<br><\/strong><\/h3>\n\t\t\n<style>\n#text-3215982517 {\n  color: rgb(117, 214, 156);\n}\n#text-3215982517 > * {\n  color: rgb(117, 214, 156);\n}\n<\/style>\n\t<\/div>\n\t\n\t<div id=\"text-3963182397\" class=\"text\">\n\t\t\n\n<h2 data-sourcepos=\"3:1-3:75\"><strong>Votre partenaire en selection et acquisition d\u2019arts<\/strong><\/h2>\n\t\t\n<style>\n#text-3963182397 {\n  font-size: 1rem;\n  color: #dd9933;\n}\n#text-3963182397 > * {\n  color: #dd9933;\n}\n<\/style>\n\t<\/div>\n\t\n\t<div id=\"text-1269624859\" class=\"text\">\n\t\t\n\n<p>Chez WantArts, nous aidons nos clients \u00e0 d\u00e9couvrir et \u00e0 collectionner des \u0153uvres d&rsquo;art <strong>d&rsquo;artistes \u00e9mergents et \u00e9tablis<\/strong> du monde entier. En tirant parti de notre connaissance approfondie du march\u00e9 et de nos relations solides avec les artistes, les galeries et les collectionneurs, nous vous aidons \u00e0 d\u00e9couvrir des \u0153uvres d\u2019art qui ont un <strong>sens personnel <\/strong>et refl\u00e8tent vos go\u00fbts. Nos valeurs fondamentales sont un service client de <strong>qualit\u00e9, la transparence et l&rsquo;accessibilit\u00e9<\/strong>, vous guidant \u00e0 chaque \u00e9tape du processus de s\u00e9lection et d&rsquo;acquisition d&rsquo;art.  <\/p>\n\t\t\n<style>\n#text-1269624859 {\n  font-size: 1.25rem;\n  color: rgb(0,0,0);\n}\n#text-1269624859 > * {\n  color: rgb(0,0,0);\n}\n<\/style>\n\t<\/div>\n\t\n\n\t\t<\/div>\n\t\t\t\t\n<style>\n#col-1429427145 > .col-inner {\n  padding: 10px 30px 0px 30px;\n}\n@media (min-width:550px) {\n  #col-1429427145 > .col-inner {\n    padding: 0 50px 20px 50px;\n  }\n}\n@media (min-width:850px) {\n  #col-1429427145 > .col-inner {\n    padding: 30px 50px 30px 70px;\n  }\n}\n<\/style>\n\t<\/div>\n\n\t\n\n\t<div id=\"col-1959744617\" class=\"col medium-12 small-12 large-5 medium-col-first\"  >\n\t\t\t\t<div class=\"col-inner\"  >\n\t\t\t\n\t\t\t\n\n\n  <div class=\"banner has-hover\" id=\"banner-1533663236\">\n          <div class=\"banner-inner fill\">\n        <div class=\"banner-bg fill\" >\n            <img loading=\"lazy\" decoding=\"async\" width=\"510\" height=\"680\" src=\"https:\/\/wantarts.com\/wp-content\/uploads\/2024\/09\/WantArts-Solutions-for-Home-Interior-Designers-scaled-510x680.jpg\" class=\"bg attachment-woocommerce_single size-woocommerce_single\" alt=\"\" \/>                                    \n                    <\/div>\n\t\t\n        <div class=\"banner-layers container\">\n            <div class=\"fill banner-link\"><\/div>            \n\n   <div id=\"text-box-477817024\" class=\"text-box banner-layer x50 md-x50 lg-x50 y50 md-y50 lg-y50 res-text\">\n                                <div class=\"text-box-content text dark\">\n              \n              <div class=\"text-inner text-center\">\n                  \n\n\n              <\/div>\n           <\/div>\n                            \n<style>\n#text-box-477817024 {\n  width: 60%;\n}\n#text-box-477817024 .text-box-content {\n  font-size: 100%;\n}\n@media (min-width:550px) {\n  #text-box-477817024 {\n    width: 60%;\n  }\n}\n<\/style>\n    <\/div>\n \n\n        <\/div>\n      <\/div>\n\n            \n<style>\n#banner-1533663236 {\n  padding-top: 300px;\n  background-color: rgb(255, 255, 255);\n}\n@media (min-width:550px) {\n  #banner-1533663236 {\n    padding-top: 400px;\n  }\n}\n@media (min-width:850px) {\n  #banner-1533663236 {\n    padding-top: 500px;\n  }\n}\n<\/style>\n  <\/div>\n\n\n\n\t\t<\/div>\n\t\t\t\t\n<style>\n#col-1959744617 > .col-inner {\n  padding: 20px 20px 10px 20px;\n}\n@media (min-width:550px) {\n  #col-1959744617 > .col-inner {\n    padding: 50px 50px 0 50px;\n  }\n}\n@media (min-width:850px) {\n  #col-1959744617 > .col-inner {\n    padding: 50px 50px 20px 0px;\n  }\n}\n<\/style>\n\t<\/div>\n\n\t\n\n<\/div>\n<div class=\"text-center\"><div class=\"is-divider divider clearfix\" style=\"max-width:500px;background-color:rgb(117, 214, 156);\"><\/div><\/div>\n\n<div class=\"row align-middle align-right\" style=\"max-width:1200px\" id=\"row-1658122900\">\n\n\n\t<div id=\"col-976119428\" class=\"col medium-12 small-12 large-5\"  >\n\t\t\t\t<div class=\"col-inner\"  >\n\t\t\t\n\t\t\t\n\n\t<div id=\"gap-1220714859\" class=\"gap-element clearfix\" style=\"display:block; height:auto;\">\n\t\t\n<style>\n#gap-1220714859 {\n  padding-top: 5px;\n}\n@media (min-width:550px) {\n  #gap-1220714859 {\n    padding-top: 50px;\n  }\n}\n<\/style>\n\t<\/div>\n\t\n\n\n  <div class=\"banner has-hover\" id=\"banner-1388676076\">\n          <div class=\"banner-inner fill\">\n        <div class=\"banner-bg fill\" >\n            <img loading=\"lazy\" decoding=\"async\" width=\"510\" height=\"340\" src=\"https:\/\/wantarts.com\/wp-content\/uploads\/2024\/09\/WantArts-Solutions-for-Home-Design-510x340.png\" class=\"bg attachment-woocommerce_single size-woocommerce_single\" alt=\"\" \/>                                    \n                    <\/div>\n\t\t\n        <div class=\"banner-layers container\">\n            <div class=\"fill banner-link\"><\/div>            \n\n   <div id=\"text-box-317855050\" class=\"text-box banner-layer x50 md-x50 lg-x50 y50 md-y50 lg-y50 res-text\">\n                                <div class=\"text-box-content text dark\">\n              \n              <div class=\"text-inner text-center\">\n                  \n\n\n              <\/div>\n           <\/div>\n                            \n<style>\n#text-box-317855050 {\n  width: 60%;\n}\n#text-box-317855050 .text-box-content {\n  font-size: 100%;\n}\n@media (min-width:550px) {\n  #text-box-317855050 {\n    width: 60%;\n  }\n}\n<\/style>\n    <\/div>\n \n\n        <\/div>\n      <\/div>\n\n            \n<style>\n#banner-1388676076 {\n  padding-top: 300px;\n  background-color: rgb(255, 255, 255);\n}\n#banner-1388676076 .banner-bg img {\n  object-position: 0% 100%;\n}\n@media (min-width:550px) {\n  #banner-1388676076 {\n    padding-top: 400px;\n  }\n}\n@media (min-width:850px) {\n  #banner-1388676076 {\n    padding-top: 500px;\n  }\n}\n<\/style>\n  <\/div>\n\n\n\n\t\t<\/div>\n\t\t\t\t\n<style>\n#col-976119428 > .col-inner {\n  padding: 10px 30px 0px 30px;\n}\n@media (min-width:550px) {\n  #col-976119428 > .col-inner {\n    padding: 0 50px 20px 50px;\n  }\n}\n<\/style>\n\t<\/div>\n\n\t\n\n\t<div id=\"col-965298983\" class=\"col medium-12 small-12 large-7 medium-col-first\"  >\n\t\t\t\t<div class=\"col-inner\"  >\n\t\t\t\n\t\t\t\n\n\t<div id=\"text-2339314836\" class=\"text\">\n\t\t\n\n<h4><strong>NOUS AIMONS LE DESIGN<\/strong><\/h4>\n\t\t\n<style>\n#text-2339314836 {\n  text-align: left;\n  color: #75d69c;\n}\n#text-2339314836 > * {\n  color: #75d69c;\n}\n<\/style>\n\t<\/div>\n\t\n\t<div id=\"text-2839754041\" class=\"text\">\n\t\t\n\n<h2>Sp\u00e9cialis\u00e9 dans la recherche d&rsquo;\u0153uvres d&rsquo;art pour tous les int\u00e9rieurs<\/h2>\n\t\t\n<style>\n#text-2839754041 {\n  font-size: 2rem;\n  text-align: left;\n  color: #dd9933;\n}\n#text-2839754041 > * {\n  color: #dd9933;\n}\n@media (min-width:550px) {\n  #text-2839754041 {\n    font-size: 1rem;\n  }\n}\n<\/style>\n\t<\/div>\n\t\n\t<div id=\"text-3391912513\" class=\"text\">\n\t\t\n\n<p><em><strong>Service personnalis\u00e9 :<\/strong><\/em> Nous proposons des <strong><span style=\"color: #3366ff;\">solutions sur mesure<\/span><\/strong> pour chaque projet. Nos consultants en art fournissent des recommandations adapt\u00e9es \u00e0 vos objectifs et \u00e0 votre espace uniques. <\/p>\n<p><em><strong>Global Arts Network :<\/strong><\/em> Avec acc\u00e8s \u00e0 un vaste r\u00e9seau d\u2019<strong><span style=\"color: #3366ff;\">artistes \u00e9mergents et \u00e9tablis<\/span><\/strong>, nous nous approvisionnons en \u0153uvres de haute qualit\u00e9 provenant du monde entier.<\/p>\n<p><em><strong>Gestion de bout en bout<\/strong><\/em> <strong>:<\/strong> De la consultation initiale \u00e0 l&rsquo;installation finale, nous <strong><span style=\"color: #3366ff;\">g\u00e9rons tous les aspects<\/span><\/strong> du processus artistique<\/p>\n\t\t\n<style>\n#text-3391912513 {\n  font-size: 1.25rem;\n  text-align: left;\n  color: rgb(0,0,0);\n}\n#text-3391912513 > * {\n  color: rgb(0,0,0);\n}\n<\/style>\n\t<\/div>\n\t\n\n\t\t<\/div>\n\t\t\t\t\n<style>\n#col-965298983 > .col-inner {\n  padding: 20px 20px 10px 20px;\n}\n@media (min-width:550px) {\n  #col-965298983 > .col-inner {\n    padding: 50px 50px 0 50px;\n  }\n}\n@media (min-width:850px) {\n  #col-965298983 > .col-inner {\n    padding: 50px 50px 20px 10px;\n  }\n}\n<\/style>\n\t<\/div>\n\n\t\n\n\n<style>\n#row-1658122900 > .col > .col-inner {\n  padding: 0px 10px 0px 50px;\n}\n<\/style>\n<\/div>\n\n\t\t<\/div>\n\t\t\t\t\n<style>\n#col-475677864 > .col-inner {\n  margin: -100px 0px 0px 0px;\n}\n@media (min-width:550px) {\n  #col-475677864 > .col-inner {\n    margin: -50px 0px 0px 0px;\n  }\n}\n<\/style>\n\t<\/div>\n\n\t\n\n<\/div>\n\n\t\t<\/div>\n\n\t\t\n<style>\n#section_1323405413 {\n  padding-top: 0px;\n  padding-bottom: 0px;\n  background-color: rgb(222, 228, 231);\n}\n<\/style>\n\t<\/section>\n\t\n\n\t<section class=\"section\" id=\"section_808731424\">\n\t\t<div class=\"section-bg fill\" >\n\t\t\t\t\t\t\t\t\t\n\t\t\t\n\n\t\t<\/div>\n\n\t\t\n\n\t\t<div class=\"section-content relative\">\n\t\t\t\n\n<div class=\"text-center\"><div class=\"is-divider divider clearfix\" style=\"max-width:500px;background-color:rgb(117, 214, 156);\"><\/div><\/div>\n\n\t<div id=\"gap-1384770058\" class=\"gap-element clearfix\" style=\"display:block; height:auto;\">\n\t\t\n<style>\n#gap-1384770058 {\n  padding-top: 30px;\n}\n<\/style>\n\t<\/div>\n\t\n\n<div class=\"row\"  id=\"row-1591787412\">\n\n\n\t<div id=\"col-1662743692\" class=\"col medium-4 small-12 large-4\"  >\n\t\t\t\t<div class=\"col-inner\"  >\n\t\t\t\n\t\t\t\n\n\t<div id=\"text-1504230038\" class=\"text\">\n\t\t\n\n<h2>Comment nous travaillons &#8211; Processus simple et efficace<\/h2>\n\t\t\n<style>\n#text-1504230038 {\n  font-size: 1.75rem;\n  color: #035e88;\n}\n#text-1504230038 > * {\n  color: #035e88;\n}\n<\/style>\n\t<\/div>\n\t\n\n\t\t<\/div>\n\t\t\t\t\t<\/div>\n\n\t\n\n\t<div id=\"col-1445722837\" class=\"col medium-8 small-12 large-8\"  >\n\t\t\t\t<div class=\"col-inner\"  >\n\t\t\t\n\t\t\t\n\n\t<div id=\"text-2955825164\" class=\"text\">\n\t\t\n\n<h3><span style=\"color: #000000;\"><strong>\u00c9tape 1 : Comprendre vos besoins<\/strong><\/span><\/h3>\n<p><br>Nous commen\u00e7ons par discuter de votre espace, de votre identit\u00e9 de marque et de vos objectifs. En <span style=\"color: #3366ff;\"><strong>comprenant votre vision,<\/strong><\/span> nous pouvons adapter notre approche pour r\u00e9pondre \u00e0 vos <strong><span style=\"color: #3366ff;\">besoins sp\u00e9cifiques<\/span><\/strong>, que vous souhaitiez rehausser votre espace, stimuler l&rsquo;engagement des employ\u00e9s ou faire une d\u00e9claration. <\/p>\n\t\t\n<style>\n#text-2955825164 {\n  color: #2c3e50;\n}\n#text-2955825164 > * {\n  color: #2c3e50;\n}\n<\/style>\n\t<\/div>\n\t\n\t<div id=\"text-1877236493\" class=\"text\">\n\t\t\n\n<h3><span style=\"color: #000000;\"><strong>\u00c9tape 2 : S\u00e9lection des \u0153uvres d&rsquo;art<\/strong><\/span><\/h3>\n<p><br>En fonction de vos commentaires, notre \u00e9quipe vous proposera une <strong><span style=\"color: #3366ff;\">s\u00e9lection personnalis\u00e9e<\/span><\/strong> d\u2019\u0153uvres d\u2019art. Ceux-ci peuvent aller des peintures et sculptures contemporaines aux photographies et installations. Nous nous concentrons sur des \u0153uvres d&rsquo;art qui refl\u00e8tent les valeurs de votre entreprise, cr\u00e9ant une exp\u00e9rience visuelle coh\u00e9rente et percutante.  <\/p>\n\t\t\n<style>\n#text-1877236493 {\n  color: #2c3e50;\n}\n#text-1877236493 > * {\n  color: #2c3e50;\n}\n<\/style>\n\t<\/div>\n\t\n\t<div id=\"text-27724347\" class=\"text\">\n\t\t\n\n<h3><span style=\"color: #000000;\"><strong>\u00c9tape 3 : Affiner les choix<\/strong><\/span><\/h3>\n<p><br>Une fois la s\u00e9lection initiale pr\u00e9sent\u00e9e, nous collaborons avec vous pour affiner les choix. Vos commentaires sont essentiels pour <strong><span style=\"color: #3366ff;\">garantir que l\u2019\u0153uvre finale<\/span><\/strong> trouve un \u00e9cho aupr\u00e8s de votre espace et de votre public. <\/p>\n\t\t\n<style>\n#text-27724347 {\n  color: #2c3e50;\n}\n#text-27724347 > * {\n  color: #2c3e50;\n}\n<\/style>\n\t<\/div>\n\t\n\t<div id=\"text-1481387814\" class=\"text\">\n\t\t\n\n<h3><span style=\"color: #000000;\"><strong>\u00c9tape 4 : Acquisition et livraison<\/strong><\/span><\/h3>\n<p><br>Apr\u00e8s avoir finalis\u00e9 la s\u00e9lection, nous prenons en charge l\u2019ensemble du <strong><span style=\"color: #3366ff;\">processus d\u2019acquisition d\u2019\u0153uvres d\u2019art<\/span><\/strong>, y compris la logistique du transport, de l\u2019encadrement et de l\u2019<strong><span style=\"color: #3366ff;\">installation s\u00e9curis\u00e9e<\/span><\/strong>. Nous veillons \u00e0 ce que l\u2019\u0153uvre d\u2019art soit livr\u00e9e et install\u00e9e de mani\u00e8re professionnelle, pr\u00eate \u00e0 \u00eatre expos\u00e9e sous son meilleur jour. <\/p>\n\t\t\n<style>\n#text-1481387814 {\n  color: #2c3e50;\n}\n#text-1481387814 > * {\n  color: #2c3e50;\n}\n<\/style>\n\t<\/div>\n\t\n\n\t\t<\/div>\n\t\t\t\t\t<\/div>\n\n\t\n\n<\/div>\n\n\t\t<\/div>\n\n\t\t\n<style>\n#section_808731424 {\n  padding-top: 0px;\n  padding-bottom: 0px;\n}\n<\/style>\n\t<\/section>\n\t\n\n\t<section class=\"section\" id=\"section_574914091\">\n\t\t<div class=\"section-bg fill\" >\n\t\t\t\t\t\t\t\t\t\n\t\t\t\n\n\t\t<\/div>\n\n\t\t\n\n\t\t<div class=\"section-content relative\">\n\t\t\t\n\n<div class=\"row\" style=\"max-width:1200px\" id=\"row-1794444796\">\n\n\n\t<div id=\"col-630020306\" class=\"col small-12 large-12\"  >\n\t\t\t\t<div class=\"col-inner text-center\" style=\"background-color:#2c3e50;\" >\n\t\t\t\n\t\t\t\n\n\t<div id=\"text-3349405298\" class=\"text\">\n\t\t\n\n<h6>Contactez nous<\/h6>\n\t\t\n<style>\n#text-3349405298 {\n  text-align: center;\n}\n<\/style>\n\t<\/div>\n\t\n\t<div id=\"text-1069114331\" class=\"text\">\n\t\t\n\n<h2>Planifiez une consultation gratuite maintenant<\/h2>\n\t\t\n<style>\n#text-1069114331 {\n  font-size: 1.75rem;\n  text-align: center;\n  color: rgb(255,255,255);\n}\n#text-1069114331 > * {\n  color: rgb(255,255,255);\n}\n<\/style>\n\t<\/div>\n\t\n<a data-animate=\"bounceIn\" href=\"https:\/\/wantarts.com\/support\/contact\/\" class=\"button success\"  style=\"border-radius:30px;padding:5px 30px 5px 30px;\">\n\t\t<span>Prendre contact<\/span>\n\t<\/a>\n\n\n\n\t\t<\/div>\n\t\t\t\t\n<style>\n#col-630020306 > .col-inner {\n  padding: 50px 50px 50px 50px;\n  border-radius: 5px;\n}\n<\/style>\n\t<\/div>\n\n\t\n\n\n<style>\n#row-1794444796 > .col > .col-inner {\n  background-color: rgb(255, 255, 255);\n}\n<\/style>\n<\/div>\n\n\t\t<\/div>\n\n\t\t\n<style>\n#section_574914091 {\n  padding-top: 0px;\n  padding-bottom: 0px;\n  min-height: 400px;\n  background-color: rgb(255, 255, 255);\n}\n<\/style>\n\t<\/section>\n\t\n\n\t<section class=\"section\" id=\"section_270211620\">\n\t\t<div class=\"section-bg fill\" >\n\t\t\t\t\t\t\t\t\t\n\t\t\t\n\n\t\t<\/div>\n\n\t\t\n\n\t\t<div class=\"section-content relative\">\n\t\t\t\n\n<div class=\"container section-title-container\" ><h3 class=\"section-title section-title-bold-center\"><b><\/b><span class=\"section-title-main\" style=\"font-size:90%;color:rgb(89, 98, 122);\">Aimer les Arts, Vouloir des Arts<\/span><b><\/b><\/h3><\/div>\n\n<div class=\"row\"  id=\"row-135013698\">\n\n\n\t<div id=\"col-1655352869\" class=\"col medium-3 small-6 large-3\"  >\n\t\t\t\t<div class=\"col-inner\"  >\n\t\t\t\n\t\t\t\n\n\n\t\t<div class=\"icon-box featured-box icon-box-center text-center\"  >\n\t\t\t\t\t<div class=\"icon-box-img\" style=\"width: 60px\">\n\t\t\t\t<div class=\"icon\">\n\t\t\t\t\t<div class=\"icon-inner\" >\n\t\t\t\t\t\t<img loading=\"lazy\" decoding=\"async\" width=\"128\" height=\"128\" src=\"https:\/\/wantarts.com\/wp-content\/uploads\/2024\/11\/Arts-Certification.png\" class=\"attachment-medium size-medium\" alt=\"\" srcset=\"https:\/\/wantarts.com\/wp-content\/uploads\/2024\/11\/Arts-Certification.png 128w, https:\/\/wantarts.com\/wp-content\/uploads\/2024\/11\/Arts-Certification-100x100.png 100w\" sizes=\"auto, (max-width: 128px) 100vw, 128px\" \/>\t\t\t\t\t<\/div>\n\t\t\t\t<\/div>\n\t\t\t<\/div>\n\t\t\t\t<div class=\"icon-box-text last-reset\">\n\t\t\t\t\t\t\t\t\t\n\n\t<div id=\"text-3440563204\" class=\"text\">\n\t\t\n\n<h3>\u0152UVRES UNIQUES CERTIFI\u00c9ES<\/h3>\n\t\t\n<style>\n#text-3440563204 {\n  font-size: 0.8rem;\n  text-align: center;\n  color: #035e88;\n}\n#text-3440563204 > * {\n  color: #035e88;\n}\n<\/style>\n\t<\/div>\n\t\n\t<div id=\"text-2239881900\" class=\"text\">\n\t\t\n\n<p>v\u00e9rifi\u00e9 par nos selectionneurs<\/p>\n\t\t\n<style>\n#text-2239881900 {\n  text-align: center;\n  color: rgb(0,0,0);\n}\n#text-2239881900 > * {\n  color: rgb(0,0,0);\n}\n<\/style>\n\t<\/div>\n\t\n\n\t\t<\/div>\n\t<\/div>\n\t\n\t\n\n\t\t<\/div>\n\t\t\t\t\t<\/div>\n\n\t\n\n\t<div id=\"col-1098988046\" class=\"col medium-3 small-6 large-3\"  >\n\t\t\t\t<div class=\"col-inner\"  >\n\t\t\t\n\t\t\t\n\n\n\t\t<div class=\"icon-box featured-box icon-box-center text-center\"  >\n\t\t\t\t\t<div class=\"icon-box-img\" style=\"width: 60px\">\n\t\t\t\t<div class=\"icon\">\n\t\t\t\t\t<div class=\"icon-inner\" >\n\t\t\t\t\t\t<img loading=\"lazy\" decoding=\"async\" width=\"128\" height=\"128\" src=\"https:\/\/wantarts.com\/wp-content\/uploads\/2024\/11\/Arts-Customisation.png\" class=\"attachment-medium size-medium\" alt=\"\" srcset=\"https:\/\/wantarts.com\/wp-content\/uploads\/2024\/11\/Arts-Customisation.png 128w, https:\/\/wantarts.com\/wp-content\/uploads\/2024\/11\/Arts-Customisation-100x100.png 100w\" sizes=\"auto, (max-width: 128px) 100vw, 128px\" \/>\t\t\t\t\t<\/div>\n\t\t\t\t<\/div>\n\t\t\t<\/div>\n\t\t\t\t<div class=\"icon-box-text last-reset\">\n\t\t\t\t\t\t\t\t\t\n\n\t<div id=\"text-1356823953\" class=\"text\">\n\t\t\n\n<h3>SERVICES SUR MESURE<\/h3>\n\t\t\n<style>\n#text-1356823953 {\n  font-size: 0.8rem;\n  text-align: center;\n  color: #035e88;\n}\n#text-1356823953 > * {\n  color: #035e88;\n}\n<\/style>\n\t<\/div>\n\t\n\t<div id=\"text-3129813873\" class=\"text\">\n\t\t\n\n<p>Pour convenir \u00e0 chaque professionnel<\/p>\n\t\t\n<style>\n#text-3129813873 {\n  text-align: center;\n  color: rgb(0,0,0);\n}\n#text-3129813873 > * {\n  color: rgb(0,0,0);\n}\n<\/style>\n\t<\/div>\n\t\n\n\t\t<\/div>\n\t<\/div>\n\t\n\t\n\n\t\t<\/div>\n\t\t\t\t\t<\/div>\n\n\t\n\n\t<div id=\"col-1275742806\" class=\"col medium-3 small-6 large-3\"  >\n\t\t\t\t<div class=\"col-inner\"  >\n\t\t\t\n\t\t\t\n\n\n\t\t<div class=\"icon-box featured-box icon-box-center text-center\"  >\n\t\t\t\t\t<div class=\"icon-box-img\" style=\"width: 60px\">\n\t\t\t\t<div class=\"icon\">\n\t\t\t\t\t<div class=\"icon-inner\" >\n\t\t\t\t\t\t<img loading=\"lazy\" decoding=\"async\" width=\"128\" height=\"128\" src=\"https:\/\/wantarts.com\/wp-content\/uploads\/2024\/11\/wantArts-help.png\" class=\"attachment-medium size-medium\" alt=\"\" srcset=\"https:\/\/wantarts.com\/wp-content\/uploads\/2024\/11\/wantArts-help.png 128w, https:\/\/wantarts.com\/wp-content\/uploads\/2024\/11\/wantArts-help-100x100.png 100w\" sizes=\"auto, (max-width: 128px) 100vw, 128px\" \/>\t\t\t\t\t<\/div>\n\t\t\t\t<\/div>\n\t\t\t<\/div>\n\t\t\t\t<div class=\"icon-box-text last-reset\">\n\t\t\t\t\t\t\t\t\t\n\n\t<div id=\"text-1155932642\" class=\"text\">\n\t\t\n\n<h3>AIDE \u00c0 CHAQUE \u00c9TAPES<\/h3>\n\t\t\n<style>\n#text-1155932642 {\n  font-size: 0.8rem;\n  text-align: center;\n  color: #035e88;\n}\n#text-1155932642 > * {\n  color: #035e88;\n}\n<\/style>\n\t<\/div>\n\t\n\t<div id=\"text-3381539515\" class=\"text\">\n\t\t\n\n<p>Un gage de qualit\u00e9 <\/p>\n\t\t\n<style>\n#text-3381539515 {\n  text-align: center;\n  color: rgb(0,0,0);\n}\n#text-3381539515 > * {\n  color: rgb(0,0,0);\n}\n<\/style>\n\t<\/div>\n\t\n\n\t\t<\/div>\n\t<\/div>\n\t\n\t\n\n\t\t<\/div>\n\t\t\t\t\t<\/div>\n\n\t\n\n\t<div id=\"col-1928769601\" class=\"col medium-3 small-6 large-3\"  >\n\t\t\t\t<div class=\"col-inner\"  >\n\t\t\t\n\t\t\t\n\n\n\t\t<div class=\"icon-box featured-box icon-box-center text-center\"  >\n\t\t\t\t\t<div class=\"icon-box-img\" style=\"width: 60px\">\n\t\t\t\t<div class=\"icon\">\n\t\t\t\t\t<div class=\"icon-inner\" >\n\t\t\t\t\t\t<img loading=\"lazy\" decoding=\"async\" width=\"128\" height=\"128\" src=\"https:\/\/wantarts.com\/wp-content\/uploads\/2024\/11\/WantArts-Services.png\" class=\"attachment-medium size-medium\" alt=\"\" srcset=\"https:\/\/wantarts.com\/wp-content\/uploads\/2024\/11\/WantArts-Services.png 128w, https:\/\/wantarts.com\/wp-content\/uploads\/2024\/11\/WantArts-Services-100x100.png 100w\" sizes=\"auto, (max-width: 128px) 100vw, 128px\" \/>\t\t\t\t\t<\/div>\n\t\t\t\t<\/div>\n\t\t\t<\/div>\n\t\t\t\t<div class=\"icon-box-text last-reset\">\n\t\t\t\t\t\t\t\t\t\n\n\t<div id=\"text-1778194126\" class=\"text\">\n\t\t\n\n<h3>AU SERVICE DES ARTS<\/h3>\n\t\t\n<style>\n#text-1778194126 {\n  font-size: 0.8rem;\n  text-align: center;\n  color: #035e88;\n}\n#text-1778194126 > * {\n  color: #035e88;\n}\n<\/style>\n\t<\/div>\n\t\n\t<div id=\"text-1060178690\" class=\"text\">\n\t\t\n\n<p>Restez concentr\u00e9 sur la cr\u00e9ativit\u00e9<\/p>\n\t\t\n<style>\n#text-1060178690 {\n  text-align: center;\n  color: rgb(0,0,0);\n}\n#text-1060178690 > * {\n  color: rgb(0,0,0);\n}\n<\/style>\n\t<\/div>\n\t\n\n\t\t<\/div>\n\t<\/div>\n\t\n\t\n\n\t\t<\/div>\n\t\t\t\t\t<\/div>\n\n\t\n\n<\/div>\n\t<div id=\"text-1627837437\" class=\"text\">\n\t\t\n\n<blockquote><p>WantArts est une plateforme premium pour promouvoir et connecter les artistes avec un public et un r\u00e9seau mondiaux. Nos services comprennent du conseil, une production personnalisable et des expositions organis\u00e9es, adapt\u00e9es pour r\u00e9pondre aux besoins des professionnels, de l&rsquo;immobilier aux galeries d&rsquo;art. Que vous recherchiez des \u0153uvres d&rsquo;art originales, des cr\u00e9ations sur mesure ou des installations uniques, WantArts propose une vaste s\u00e9lection dans plusieurs cat\u00e9gories artistiques, notamment la peinture, la sculpture, la photographie et le design. Notre objectif est de soutenir les artistes tout en proposant des solutions artistiques personnalis\u00e9es qui inspirent et rehaussent n\u2019importe quel espace.   <\/p><\/blockquote>\n\t\t\n<style>\n#text-1627837437 {\n  font-size: 0.75rem;\n  line-height: 1.1;\n  text-align: center;\n  color: #035e88;\n}\n#text-1627837437 > * {\n  color: #035e88;\n}\n<\/style>\n\t<\/div>\n\t\n\n\t\t<\/div>\n\n\t\t\n<style>\n#section_270211620 {\n  padding-top: 30px;\n  padding-bottom: 30px;\n}\n<\/style>\n\t<\/section>\n\t\n\n","protected":false},"excerpt":{"rendered":"","protected":false},"author":1,"featured_media":0,"parent":0,"menu_order":0,"comment_status":"closed","ping_status":"closed","template":"page-blank.php","meta":{"footnotes":""},"class_list":["post-2013","page","type-page","status-publish","hentry"],"_links":{"self":[{"href":"https:\/\/wantarts.com\/fr\/wp-json\/wp\/v2\/pages\/2013","targetHints":{"allow":["GET"]}}],"collection":[{"href":"https:\/\/wantarts.com\/fr\/wp-json\/wp\/v2\/pages"}],"about":[{"href":"https:\/\/wantarts.com\/fr\/wp-json\/wp\/v2\/types\/page"}],"author":[{"embeddable":true,"href":"https:\/\/wantarts.com\/fr\/wp-json\/wp\/v2\/users\/1"}],"replies":[{"embeddable":true,"href":"https:\/\/wantarts.com\/fr\/wp-json\/wp\/v2\/comments?post=2013"}],"version-history":[{"count":1,"href":"https:\/\/wantarts.com\/fr\/wp-json\/wp\/v2\/pages\/2013\/revisions"}],"predecessor-version":[{"id":2014,"href":"https:\/\/wantarts.com\/fr\/wp-json\/wp\/v2\/pages\/2013\/revisions\/2014"}],"wp:attachment":[{"href":"https:\/\/wantarts.com\/fr\/wp-json\/wp\/v2\/media?parent=2013"}],"curies":[{"name":"wp","href":"https:\/\/api.w.org\/{rel}","templated":true}]}}