{"id":2036,"date":"2024-09-16T13:29:24","date_gmt":"2024-09-16T13:29:24","guid":{"rendered":"https:\/\/wantarts.com\/arts-pour-les-maisons-privees\/"},"modified":"2024-11-23T09:07:24","modified_gmt":"2024-11-23T09:07:24","slug":"arts-pour-les-maisons-privees","status":"publish","type":"page","link":"https:\/\/wantarts.com\/fr\/arts-pour-les-maisons-privees\/","title":{"rendered":"Arts pour les maisons priv\u00e9es"},"content":{"rendered":"\n\n\t<section class=\"section\" id=\"section_723130346\">\n\t\t<div class=\"section-bg fill\" >\n\t\t\t\t\t\t\t\t\t\n\t\t\t\n\n\t\t<\/div>\n\n\t\t\n\n\t\t<div class=\"section-content relative\">\n\t\t\t\n\n<div class=\"row align-bottom\" style=\"max-width:1200px\" id=\"row-625386366\">\n\n\n\t<div id=\"col-1807354877\" class=\"col medium-9 small-12 large-10\"  >\n\t\t\t\t<div class=\"col-inner\"  >\n\t\t\t\n\t\t\t\n\n\t<div id=\"gap-583308066\" class=\"gap-element clearfix\" style=\"display:block; height:auto;\">\n\t\t\n<style>\n#gap-583308066 {\n  padding-top: 100px;\n}\n@media (min-width:550px) {\n  #gap-583308066 {\n    padding-top: 150px;\n  }\n}\n<\/style>\n\t<\/div>\n\t\n\n\t<div id=\"text-3080569725\" class=\"text\">\n\t\t\n\n<h1><span style=\"font-size: 190%;\"><strong>Solutions WantArts pour la conception de la maison<\/strong><br><\/span><\/h1>\n\t\t\n<style>\n#text-3080569725 {\n  font-size: 1rem;\n  color: #DD9933;\n}\n#text-3080569725 > * {\n  color: #DD9933;\n}\n@media (min-width:550px) {\n  #text-3080569725 {\n    font-size: 0.75rem;\n  }\n}\n@media (min-width:850px) {\n  #text-3080569725 {\n    font-size: 0.75rem;\n  }\n}\n<\/style>\n\t<\/div>\n\t\n\n\t\t<\/div>\n\t\t\t\t\t<\/div>\n\n\t\n\n\t<div id=\"col-659822948\" class=\"col medium-3 small-12 large-2\"  >\n\t\t\t\t<div class=\"col-inner text-right\"  >\n\t\t\t\n\t\t\t\n\n\n\t\t<\/div>\n\t\t\t\t\t<\/div>\n\n\t\n\n<\/div>\n\n\t\t<\/div>\n\n\t\t\n<style>\n#section_723130346 {\n  padding-top: 0px;\n  padding-bottom: 0px;\n}\n<\/style>\n\t<\/section>\n\t\n\n\t<section class=\"section has-parallax\" id=\"section_1320438282\">\n\t\t<div class=\"section-bg fill\" data-parallax-container=\".section\" data-parallax-background data-parallax=\"-7\">\n\t\t\t<img loading=\"lazy\" decoding=\"async\" width=\"1800\" height=\"1306\" src=\"https:\/\/wantarts.com\/wp-content\/uploads\/2024\/09\/Wantarts-Solution-for-Home.png\" class=\"bg attachment-2048x2048 size-2048x2048\" alt=\"\" \/>\t\t\t\t\t\t\n\t\t\t\n\n\t\t<\/div>\n\n\t\t\n\n\t\t<div class=\"section-content relative\">\n\t\t\t\n\n<a class=\"button success is-xlarge lowercase\"  >\n\t\t<span>ENVOYER UNE DEMANDE<\/span>\n\t<\/a>\n\n\n\n\t\t<\/div>\n\n\t\t\n<style>\n#section_1320438282 {\n  padding-top: 30px;\n  padding-bottom: 30px;\n  min-height: 350px;\n}\n@media (min-width:550px) {\n  #section_1320438282 {\n    min-height: 450px;\n  }\n}\n@media (min-width:850px) {\n  #section_1320438282 {\n    min-height: 550px;\n  }\n}\n<\/style>\n\t<\/section>\n\t\n\n\t<section class=\"section\" id=\"section_2000211208\">\n\t\t<div class=\"section-bg fill\" >\n\t\t\t\t\t\t\t\t\t\n\t\t\t\n\n\t\t<\/div>\n\n\t\t\n\n\t\t<div class=\"section-content relative\">\n\t\t\t\n\n<div class=\"row\" style=\"max-width:1200px\" id=\"row-563077130\">\n\n\n\t<div id=\"col-1540673744\" class=\"col small-12 large-12\"  >\n\t\t\t\t<div class=\"col-inner\" style=\"background-color:rgb(255, 255, 255);\" >\n\t\t\t\n\t\t\t\n\n<div class=\"row align-middle align-right\" style=\"max-width:1200px\" id=\"row-545709967\">\n\n\n\t<div id=\"col-401109786\" class=\"col medium-12 small-12 large-6\"  >\n\t\t\t\t<div class=\"col-inner\"  >\n\t\t\t\n\t\t\t\n\n\t<div id=\"gap-2037530644\" class=\"gap-element clearfix\" style=\"display:block; height:auto;\">\n\t\t\n<style>\n#gap-2037530644 {\n  padding-top: 5px;\n}\n@media (min-width:550px) {\n  #gap-2037530644 {\n    padding-top: 50px;\n  }\n}\n<\/style>\n\t<\/div>\n\t\n\n\t<div id=\"text-414791299\" class=\"text\">\n\t\t\n\n<h5><strong>D\u00c9CORATION DE LA MAISON<\/strong><\/h5>\n\t\t\n<style>\n#text-414791299 {\n  color: #d35400;\n}\n#text-414791299 > * {\n  color: #d35400;\n}\n<\/style>\n\t<\/div>\n\t\n\t<div id=\"text-3946753568\" class=\"text\">\n\t\t\n\n<h2 data-sourcepos=\"3:1-3:75\"><strong>\u00c9levez votre maison avec l\u2019art<\/strong><\/h2>\n\t\t\n<style>\n#text-3946753568 {\n  font-size: 1.25rem;\n  color: #1E73BE;\n}\n#text-3946753568 > * {\n  color: #1E73BE;\n}\n<\/style>\n\t<\/div>\n\t\n\t<div id=\"text-1588069644\" class=\"text\">\n\t\t\n\n<p data-sourcepos=\"5:1-5:37\">L\u2019art est bien plus qu\u2019une simple d\u00e9coration ; c&rsquo;est un outil puissant pour transformer votre espace de vie. Que vous pr\u00e9f\u00e9riez un design <strong>minimaliste<\/strong>, une ambiance tribale ou un style classique, il existe des \u0153uvres d&rsquo;art qui peuvent compl\u00e9ter votre go\u00fbt unique. <\/p>\n<p data-sourcepos=\"7:1-7:139\">Chez Wantarts, nous proposons une collection diversifi\u00e9e d\u2019art qui convient \u00e0 tous les styles et \u00e0 tous les budgets. Des <a href=\"https:\/\/wantarts.com\/fr\/produits\">peintures vibrantes<\/a> faites \u00e0 la main et de <a href=\"https:\/\/wantarts.com\/fr\/produits\">l&rsquo;art mural 3D<\/a> captivant aux impressions d&rsquo;art et <a href=\"https:\/\/wantarts.com\/fr\/produits\">sculptures<\/a>, notre vaste s\u00e9lection garantit que vous trouverez les pi\u00e8ces parfaites pour <strong>exprimer votre personnalit\u00e9<\/strong>. <\/p>\n\t\t\n<style>\n#text-1588069644 {\n  font-size: 1.2rem;\n}\n<\/style>\n\t<\/div>\n\t\n\n\t\t<\/div>\n\t\t\t\t\n<style>\n#col-401109786 > .col-inner {\n  padding: 10px 30px 0px 30px;\n}\n@media (min-width:550px) {\n  #col-401109786 > .col-inner {\n    padding: 0 50px 20px 50px;\n  }\n}\n@media (min-width:850px) {\n  #col-401109786 > .col-inner {\n    padding: 50px 50px 50px 70px;\n  }\n}\n<\/style>\n\t<\/div>\n\n\t\n\n\t<div id=\"col-61934733\" class=\"col medium-12 small-12 large-6 medium-col-first\"  >\n\t\t\t\t<div class=\"col-inner\"  >\n\t\t\t\n\t\t\t\n\n\n  <div class=\"banner has-hover has-parallax\" id=\"banner-479816894\">\n          <div class=\"banner-inner fill\">\n        <div class=\"banner-bg fill\" data-parallax=\"-5\" data-parallax-container=\".banner\" data-parallax-background>\n            <img loading=\"lazy\" decoding=\"async\" width=\"510\" height=\"510\" src=\"https:\/\/wantarts.com\/wp-content\/uploads\/2024\/09\/Wantarts-Solution-for-Home-Fengshui-510x510.png\" class=\"bg attachment-woocommerce_single size-woocommerce_single\" alt=\"\" \/>                                    \n                    <\/div>\n\t\t\n        <div class=\"banner-layers container\">\n            <div class=\"fill banner-link\"><\/div>            \n\n   <div id=\"text-box-527175556\" class=\"text-box banner-layer x50 md-x50 lg-x50 y50 md-y50 lg-y50 res-text\">\n                                <div class=\"text-box-content text dark\">\n              \n              <div class=\"text-inner text-center\">\n                  \n\n\n              <\/div>\n           <\/div>\n                            \n<style>\n#text-box-527175556 {\n  width: 60%;\n}\n#text-box-527175556 .text-box-content {\n  font-size: 100%;\n}\n@media (min-width:550px) {\n  #text-box-527175556 {\n    width: 60%;\n  }\n}\n<\/style>\n    <\/div>\n \n\n        <\/div>\n      <\/div>\n\n            \n<style>\n#banner-479816894 {\n  padding-top: 300px;\n  background-color: rgb(255, 255, 255);\n}\n#banner-479816894 .banner-bg img {\n  object-position: 0% 100%;\n}\n@media (min-width:550px) {\n  #banner-479816894 {\n    padding-top: 400px;\n  }\n}\n@media (min-width:850px) {\n  #banner-479816894 {\n    padding-top: 500px;\n  }\n}\n<\/style>\n  <\/div>\n\n\n\n\t\t<\/div>\n\t\t\t\t\n<style>\n#col-61934733 > .col-inner {\n  padding: 20px 20px 10px 20px;\n}\n@media (min-width:550px) {\n  #col-61934733 > .col-inner {\n    padding: 50px 50px 0 50px;\n  }\n}\n@media (min-width:850px) {\n  #col-61934733 > .col-inner {\n    padding: 50px 50px 20px 0px;\n  }\n}\n<\/style>\n\t<\/div>\n\n\t\n\n<\/div>\n\n\t\t<\/div>\n\t\t\t\t\n<style>\n#col-1540673744 > .col-inner {\n  margin: -100px 0px 0px 0px;\n}\n@media (min-width:550px) {\n  #col-1540673744 > .col-inner {\n    margin: -150px 0px 0px 0px;\n  }\n}\n<\/style>\n\t<\/div>\n\n\t\n\n<\/div>\n\t<div id=\"gap-444965150\" class=\"gap-element clearfix\" style=\"display:block; height:auto;\">\n\t\t\n<style>\n#gap-444965150 {\n  padding-top: 30px;\n}\n<\/style>\n\t<\/div>\n\t\n\n\n\t\t<\/div>\n\n\t\t\n<style>\n#section_2000211208 {\n  padding-top: 30px;\n  padding-bottom: 30px;\n  background-color: rgb(222, 228, 231);\n}\n<\/style>\n\t<\/section>\n\t\n\n\t<section class=\"section has-parallax\" id=\"section_63482755\">\n\t\t<div class=\"section-bg fill\" data-parallax-container=\".section\" data-parallax-background data-parallax=\"-7\">\n\t\t\t<img loading=\"lazy\" decoding=\"async\" width=\"1200\" height=\"1200\" src=\"https:\/\/wantarts.com\/wp-content\/uploads\/2024\/09\/Wantarts-balinese-arts.jpg\" class=\"bg attachment- size-\" alt=\"\" \/>\t\t\t\t\t\t\n\t\t\t\n\n\t\t<\/div>\n\n\t\t\n\n\t\t<div class=\"section-content relative\">\n\t\t\t\n\n\t<div id=\"text-3760909871\" class=\"text\">\n\t\t\n\n<h2><span style=\"font-size: 190%;\">Transformez votre maison en votre maison<br><\/span><\/h2>\n\t\t\n<style>\n#text-3760909871 {\n  font-size: 1rem;\n  text-align: center;\n  color: rgb(0,0,0);\n}\n#text-3760909871 > * {\n  color: rgb(0,0,0);\n}\n@media (min-width:550px) {\n  #text-3760909871 {\n    font-size: 0.75rem;\n  }\n}\n@media (min-width:850px) {\n  #text-3760909871 {\n    font-size: 1.2rem;\n  }\n}\n<\/style>\n\t<\/div>\n\t\n\n\t\t<\/div>\n\n\t\t\n<style>\n#section_63482755 {\n  padding-top: 30px;\n  padding-bottom: 30px;\n  min-height: 300px;\n}\n@media (min-width:550px) {\n  #section_63482755 {\n    min-height: 350px;\n  }\n}\n@media (min-width:850px) {\n  #section_63482755 {\n    min-height: 300px;\n  }\n}\n<\/style>\n\t<\/section>\n\t\n\n\t<section class=\"section\" id=\"section_182882794\">\n\t\t<div class=\"section-bg fill\" >\n\t\t\t\t\t\t\t\t\t\n\t\t\t\n\n\t\t<\/div>\n\n\t\t\n\n\t\t<div class=\"section-content relative\">\n\t\t\t\n\n<div class=\"row\" style=\"max-width:1200px\" id=\"row-165146254\">\n\n\n\t<div id=\"col-5208961\" class=\"col small-12 large-12\"  >\n\t\t\t\t<div class=\"col-inner\" style=\"background-color:rgb(255, 255, 255);\" >\n\t\t\t\n\t\t\t\n\n<div class=\"row\" style=\"max-width:1200px\" id=\"row-1824017431\">\n\n\n\t<div id=\"col-626532894\" class=\"col small-12 large-12\"  >\n\t\t\t\t<div class=\"col-inner\"  >\n\t\t\t\n\t\t\t\n\n\t<div id=\"text-2314753481\" class=\"text\">\n\t\t\n\n<h5><strong>Nous aimons la cr\u00e9ativit\u00e9<\/strong><\/h5>\n\t\t\n<style>\n#text-2314753481 {\n  text-align: center;\n  color: #d35400;\n}\n#text-2314753481 > * {\n  color: #d35400;\n}\n<\/style>\n\t<\/div>\n\t\n\t<div id=\"text-4250354166\" class=\"text\">\n\t\t\n\n<h2 class=\"t_c\">Diff\u00e9rents arts pour diff\u00e9rents styles de maison<\/h2>\n\t\t\n<style>\n#text-4250354166 {\n  font-size: 2rem;\n  text-align: center;\n  color: #5dade2;\n}\n#text-4250354166 > * {\n  color: #5dade2;\n}\n@media (min-width:550px) {\n  #text-4250354166 {\n    font-size: 1.75rem;\n  }\n}\n<\/style>\n\t<\/div>\n\t\n\n\t\t<\/div>\n\t\t\t\t\n<style>\n#col-626532894 > .col-inner {\n  padding: 50px 20px 0px 20px;\n}\n@media (min-width:550px) {\n  #col-626532894 > .col-inner {\n    padding: 30px 50px 0px 50px;\n  }\n}\n<\/style>\n\t<\/div>\n\n\t\n\n<\/div>\n<div class=\"row align-center\" style=\"max-width:1200px\" id=\"row-929237515\">\n\n\n\t<div id=\"col-1259441565\" class=\"col medium-10 small-12 large-10\"  >\n\t\t\t\t<div class=\"col-inner\"  >\n\t\t\t\n\t<div class=\"is-border\"\n\t\tstyle=\"border-width:0px 0px 0px 3px;margin:0px 0px 0px -17px;\">\n\t<\/div>\n\t\t\t\n\n\t<div id=\"text-1560609771\" class=\"text\">\n\t\t\n\n<div class=\"presented-response-container ng-tns-c57630355-210\">\n<div class=\"response-container-content ng-tns-c57630355-210\">\n<div class=\"response-content ng-tns-c57630355-210\">\n<div class=\"markdown markdown-main-panel response-optimization\" dir=\"ltr\">\n<p data-sourcepos=\"1:1-1:199\">WantArts propose une s\u00e9lection d&rsquo;\u0153uvres d&rsquo;art pour rehausser la d\u00e9coration de votre maison. Du minimalisme moderne au boh\u00e8me chic, du charme vintage \u00e0 l&rsquo;\u00e9l\u00e9gance classique. Nos experts peuvent vous aider \u00e0 choisir les pi\u00e8ces parfaites pour correspondre \u00e0 votre style.  <\/p>\n<\/div>\n<\/div>\n<\/div>\n<\/div>\n\t\t\n<style>\n#text-1560609771 {\n  font-size: 1.15rem;\n  text-align: center;\n}\n<\/style>\n\t<\/div>\n\t\n\n\t\t<\/div>\n\t\t\t\t\n<style>\n#col-1259441565 > .col-inner {\n  padding: 0px 30px 0px 30px;\n  margin: -20px 0px 0px 0px;\n}\n@media (min-width:550px) {\n  #col-1259441565 > .col-inner {\n    padding: 0px 20px 0px 30px;\n    margin: -25px 0px 0px 0px;\n  }\n}\n@media (min-width:850px) {\n  #col-1259441565 > .col-inner {\n    padding: 0px 60px 0px 10px;\n  }\n}\n<\/style>\n\t<\/div>\n\n\t\n\n<\/div>\n\n\t\t<\/div>\n\t\t\t\t\n<style>\n#col-5208961 > .col-inner {\n  margin: -100px 0px 0px 0px;\n}\n<\/style>\n\t<\/div>\n\n\t\n\n<\/div>\n\n\t\t<\/div>\n\n\t\t\n<style>\n#section_182882794 {\n  padding-top: 0px;\n  padding-bottom: 0px;\n  background-color: rgb(237, 233, 227);\n}\n<\/style>\n\t<\/section>\n\t\n\n\t<section class=\"section\" id=\"section_608676404\">\n\t\t<div class=\"section-bg fill\" >\n\t\t\t\t\t\t\t\t\t\n\t\t\t\n\n\t\t<\/div>\n\n\t\t\n\n\t\t<div class=\"section-content relative\">\n\t\t\t\n\n<div class=\"row\" style=\"max-width:1200px\" id=\"row-761833038\">\n\n\n\t<div id=\"col-855702245\" class=\"col small-12 large-12\"  >\n\t\t\t\t<div class=\"col-inner\"  >\n\t\t\t\n\t\t\t\n\n  <div class=\"banner-grid-wrapper\">\n  <div id=\"banner-grid-1039332564\" class=\"banner-grid row row-grid row-xsmall row-full-width\" data-packery-options=\"\">\n                      \n\n<div class=\"col grid-col small-12 large-3 grid-col-2-3\" data-animate=\"fadeInLeft\"><div class=\"col-inner\">\n\n\n  <div class=\"banner has-hover bg-zoom-long\" id=\"banner-1297162604\">\n          <div class=\"banner-inner fill\">\n        <div class=\"banner-bg fill\" >\n            <img loading=\"lazy\" decoding=\"async\" width=\"640\" height=\"800\" src=\"https:\/\/wantarts.com\/wp-content\/uploads\/2024\/09\/Wantarts-Minimalist-640x800.png\" class=\"bg attachment-large size-large\" alt=\"\" \/>                                    \n                    <\/div>\n\t\t\n        <div class=\"banner-layers container\">\n            <a class=\"fill\" href=\"#\" ><div class=\"fill banner-link\"><\/div><\/a>            \n\n   <div id=\"text-box-1609641373\" class=\"text-box banner-layer x50 md-x50 lg-x50 y50 md-y50 lg-y50 res-text\">\n                                <div class=\"text-box-content text dark\">\n              \n              <div class=\"text-inner text-center\">\n                  \n\n\t<div id=\"text-2831796491\" class=\"text\">\n\t\t\n\n<h2><strong>Arts minimalistes<\/strong><\/h2>\n\n\t\t\n<style>\n#text-2831796491 {\n  font-size: 0.75rem;\n  text-align: center;\n  color: #2c3e50;\n}\n#text-2831796491 > * {\n  color: #2c3e50;\n}\n<\/style>\n\t<\/div>\n\t\n\n              <\/div>\n           <\/div>\n                            \n<style>\n#text-box-1609641373 {\n  width: 60%;\n}\n#text-box-1609641373 .text-box-content {\n  font-size: 100%;\n}\n<\/style>\n    <\/div>\n \n\n        <\/div>\n      <\/div>\n\n            \n<style>\n#banner-1297162604 {\n  padding-top: 300px;\n  background-color: rgb(237, 233, 227);\n}\n#banner-1297162604 .banner-bg img {\n  object-position: 42% 86%;\n}\n@media (min-width:850px) {\n  #banner-1297162604 {\n    padding-top: 500px;\n  }\n}\n<\/style>\n  <\/div>\n\n\n\n<\/div><\/div>\n<div class=\"col grid-col small-12 large-6 grid-col-1\" data-animate=\"fadeInDown\"><div class=\"col-inner\">\n\n\n  <div class=\"banner has-hover bg-zoom-long\" id=\"banner-749481801\">\n          <div class=\"banner-inner fill\">\n        <div class=\"banner-bg fill\" >\n            <img loading=\"lazy\" decoding=\"async\" width=\"1920\" height=\"1293\" src=\"https:\/\/wantarts.com\/wp-content\/uploads\/2024\/09\/WantArts-Contemporary-Art-A-Tangible-Asset-for-Hotels-and-Real-Estate-Developers.jpg\" class=\"bg attachment-original size-original\" alt=\"\" \/>                                    \n                    <\/div>\n\t\t\n        <div class=\"banner-layers container\">\n            <a class=\"fill\" href=\"#\" ><div class=\"fill banner-link\"><\/div><\/a>            \n\n   <div id=\"text-box-1260675745\" class=\"text-box banner-layer x50 md-x50 lg-x50 y50 md-y50 lg-y50 res-text\">\n                                <div class=\"text-box-content text dark\">\n              \n              <div class=\"text-inner text-center\">\n                  \n\n\t<div id=\"gap-1363043825\" class=\"gap-element clearfix\" style=\"display:block; height:auto;\">\n\t\t\n<style>\n#gap-1363043825 {\n  padding-top: 150px;\n}\n<\/style>\n\t<\/div>\n\t\n\n\t<div id=\"text-2321667167\" class=\"text\">\n\t\t\n\n<h2><strong>Arts Contemporains<\/strong><\/h2>\n\n\t\t\n<style>\n#text-2321667167 {\n  font-size: 0.75rem;\n  color: #75d69c;\n}\n#text-2321667167 > * {\n  color: #75d69c;\n}\n<\/style>\n\t<\/div>\n\t\n\n              <\/div>\n           <\/div>\n                            \n<style>\n#text-box-1260675745 {\n  width: 60%;\n}\n#text-box-1260675745 .text-box-content {\n  font-size: 100%;\n}\n<\/style>\n    <\/div>\n \n\n        <\/div>\n      <\/div>\n\n            \n<style>\n#banner-749481801 {\n  padding-top: 400px;\n  background-color: rgb(237, 233, 227);\n}\n#banner-749481801 .banner-bg img {\n  object-position: 35%;\n}\n@media (min-width:850px) {\n  #banner-749481801 {\n    padding-top: 527.78px;\n  }\n}\n<\/style>\n  <\/div>\n\n\n\n<\/div><\/div>\n<div class=\"col grid-col small-12 large-3 grid-col-1-3\" data-animate=\"fadeInRight\"><div class=\"col-inner\">\n\n\n  <div class=\"banner has-hover bg-zoom-long\" id=\"banner-317309124\">\n          <div class=\"banner-inner fill\">\n        <div class=\"banner-bg fill\" >\n            <img loading=\"lazy\" decoding=\"async\" width=\"800\" height=\"800\" src=\"https:\/\/wantarts.com\/wp-content\/uploads\/2024\/11\/WantArts-Traditional-Thai-Art-and-Design-800x800.jpg\" class=\"bg attachment-large size-large\" alt=\"\" \/>                                    \n                    <\/div>\n\t\t\n        <div class=\"banner-layers container\">\n            <a class=\"fill\" href=\"#\" ><div class=\"fill banner-link\"><\/div><\/a>            \n\n   <div id=\"text-box-1734024839\" class=\"text-box banner-layer x50 md-x50 lg-x50 y50 md-y50 lg-y50 res-text\">\n                                <div class=\"text-box-content text dark\">\n              \n              <div class=\"text-inner text-center\">\n                  \n\n\t<div id=\"text-145609694\" class=\"text\">\n\t\t\n\n<h2><strong>Classic Art et Design<\/strong><\/h2>\n\n\t\t\n<style>\n#text-145609694 {\n  font-size: 0.75rem;\n  color: rgb(255,255,255);\n}\n#text-145609694 > * {\n  color: rgb(255,255,255);\n}\n<\/style>\n\t<\/div>\n\t\n\n              <\/div>\n           <\/div>\n                            \n<style>\n#text-box-1734024839 {\n  width: 60%;\n}\n#text-box-1734024839 .text-box-content {\n  font-size: 100%;\n}\n<\/style>\n    <\/div>\n \n\n        <\/div>\n      <\/div>\n\n            \n<style>\n#banner-317309124 {\n  padding-top: 300px;\n  background-color: rgb(237, 233, 227);\n}\n@media (min-width:850px) {\n  #banner-317309124 {\n    padding-top: 500px;\n  }\n}\n<\/style>\n  <\/div>\n\n\n\n<\/div><\/div>\n<div class=\"col grid-col small-12 large-3 grid-col-2-3\" data-animate=\"fadeInRight\"><div class=\"col-inner\">\n\n\n  <div class=\"banner has-hover bg-zoom-long\" id=\"banner-43068578\">\n          <div class=\"banner-inner fill\">\n        <div class=\"banner-bg fill\" >\n            <img loading=\"lazy\" decoding=\"async\" width=\"800\" height=\"800\" src=\"https:\/\/wantarts.com\/wp-content\/uploads\/2024\/09\/Wantarts-Bohemian-Design-800x800.png\" class=\"bg attachment-large size-large\" alt=\"\" \/>                                    \n                    <\/div>\n\t\t\n        <div class=\"banner-layers container\">\n            <a class=\"fill\" href=\"#\" ><div class=\"fill banner-link\"><\/div><\/a>            \n\n   <div id=\"text-box-1238484336\" class=\"text-box banner-layer x50 md-x50 lg-x50 y50 md-y50 lg-y50 res-text\">\n                                <div class=\"text-box-content text dark\">\n              \n              <div class=\"text-inner text-center\">\n                  \n\n\t<div id=\"text-3283457591\" class=\"text\">\n\t\t\n\n<h2><strong>Bohemian Art et Design<\/strong><\/h2>\n\n\t\t\n<style>\n#text-3283457591 {\n  font-size: 0.75rem;\n  color: rgb(0,0,0);\n}\n#text-3283457591 > * {\n  color: rgb(0,0,0);\n}\n<\/style>\n\t<\/div>\n\t\n\t<div id=\"gap-155024782\" class=\"gap-element clearfix\" style=\"display:block; height:auto;\">\n\t\t\n<style>\n#gap-155024782 {\n  padding-top: 100px;\n}\n<\/style>\n\t<\/div>\n\t\n\n\n              <\/div>\n           <\/div>\n                            \n<style>\n#text-box-1238484336 {\n  width: 60%;\n}\n#text-box-1238484336 .text-box-content {\n  font-size: 100%;\n}\n<\/style>\n    <\/div>\n \n\n        <\/div>\n      <\/div>\n\n            \n<style>\n#banner-43068578 {\n  padding-top: 300px;\n  background-color: rgb(237, 233, 227);\n}\n@media (min-width:850px) {\n  #banner-43068578 {\n    padding-top: 500px;\n  }\n}\n<\/style>\n  <\/div>\n\n\n\n<\/div><\/div>\n<div class=\"col grid-col small-12 large-3 grid-col-1-3\" data-animate=\"bounceInLeft\"><div class=\"col-inner\">\n\n\n  <div class=\"banner has-hover bg-zoom-long\" id=\"banner-1028221040\">\n          <div class=\"banner-inner fill\">\n        <div class=\"banner-bg fill\" >\n            <img loading=\"lazy\" decoding=\"async\" width=\"800\" height=\"800\" src=\"https:\/\/wantarts.com\/wp-content\/uploads\/2024\/11\/WantArts-Industrial-art-and-design-800x800.jpg\" class=\"bg attachment-large size-large\" alt=\"\" \/>                                    \n                    <\/div>\n\t\t\n        <div class=\"banner-layers container\">\n            <a class=\"fill\" href=\"#\" ><div class=\"fill banner-link\"><\/div><\/a>            \n\n   <div id=\"text-box-263807372\" class=\"text-box banner-layer x50 md-x50 lg-x50 y50 md-y50 lg-y50 res-text\">\n                                <div class=\"text-box-content text dark\">\n              \n              <div class=\"text-inner text-center\">\n                  \n\n\t<div id=\"text-3173053540\" class=\"text\">\n\t\t\n\n<h2><strong>Design Industriel<\/strong><\/h2>\n\n\t\t\n<style>\n#text-3173053540 {\n  font-size: 0.75rem;\n  color: #dd9933;\n}\n#text-3173053540 > * {\n  color: #dd9933;\n}\n<\/style>\n\t<\/div>\n\t\n\n              <\/div>\n           <\/div>\n                            \n<style>\n#text-box-263807372 {\n  width: 60%;\n}\n#text-box-263807372 .text-box-content {\n  font-size: 100%;\n}\n<\/style>\n    <\/div>\n \n\n        <\/div>\n      <\/div>\n\n            \n<style>\n#banner-1028221040 {\n  padding-top: 300px;\n  background-color: rgb(237, 233, 227);\n}\n@media (min-width:850px) {\n  #banner-1028221040 {\n    padding-top: 625px;\n  }\n}\n<\/style>\n  <\/div>\n\n\n\n<\/div><\/div>\n\n            <\/div>\n    <style>\n    #banner-grid-1039332564 .grid-col-1{height: 561px}\n    #banner-grid-1039332564 .grid-col-1-2{height: 280.5px}\n    #banner-grid-1039332564 .grid-col-1-3{height:187px}\n    #banner-grid-1039332564 .grid-col-2-3{height: 374px}\n    #banner-grid-1039332564 .grid-col-1-4{height: 140.25px}\n    #banner-grid-1039332564 .grid-col-3-4{height: 420.75px}\n\n\n        \/* Tablet *\/\n    @media (max-width: 850px){\n      #banner-grid-1039332564 .grid-col-1{height: 373px}\n      #banner-grid-1039332564 .grid-col-1-2{height: 186.5px}\n      #banner-grid-1039332564 .grid-col-1-3{height:124.33333333333px}\n      #banner-grid-1039332564 .grid-col-2-3{height: 248.66666666667px}\n      #banner-grid-1039332564 .grid-col-1-4{height: 93.25px}\n      #banner-grid-1039332564 .grid-col-3-4{height: 279.75px}\n    }\n    \n    \n\n  <\/style>\n    <\/div>\n  \n\n\t\t<\/div>\n\t\t\t\t\t<\/div>\n\n\t\n\n<\/div>\n\n\t\t<\/div>\n\n\t\t\n<style>\n#section_608676404 {\n  padding-top: 30px;\n  padding-bottom: 30px;\n  background-color: rgb(237, 233, 227);\n}\n<\/style>\n\t<\/section>\n\t\n\n\t<section class=\"section\" id=\"section_678261385\">\n\t\t<div class=\"section-bg fill\" >\n\t\t\t\t\t\t\t\t\t\n\t\t\t\n\n\t\t<\/div>\n\n\t\t\n\n\t\t<div class=\"section-content relative\">\n\t\t\t\n\n\t<div id=\"gap-327404979\" class=\"gap-element clearfix\" style=\"display:block; height:auto;\">\n\t\t\n<style>\n#gap-327404979 {\n  padding-top: 30px;\n}\n<\/style>\n\t<\/div>\n\t\n\n<div class=\"row\" style=\"max-width:1200px\" id=\"row-644867304\">\n\n\n\t<div id=\"col-897962343\" class=\"col small-12 large-12\"  >\n\t\t\t\t<div class=\"col-inner text-center\" style=\"background-color:#2c3e50;\" >\n\t\t\t\n\t\t\t\n\n\t<div id=\"text-4152902947\" class=\"text\">\n\t\t\n\n<h5><strong>CONTACTEZ-NOUS<br><\/strong><\/h5>\n\t\t\n<style>\n#text-4152902947 {\n  text-align: center;\n  color: #d35400;\n}\n#text-4152902947 > * {\n  color: #d35400;\n}\n<\/style>\n\t<\/div>\n\t\n\t<div id=\"text-2441881256\" class=\"text\">\n\t\t\n\n<h2>Vous souhaitez transformer le design de votre maison ?<\/h2>\n\t\t\n<style>\n#text-2441881256 {\n  font-size: 1.75rem;\n  text-align: center;\n  color: rgb(255,255,255);\n}\n#text-2441881256 > * {\n  color: rgb(255,255,255);\n}\n<\/style>\n\t<\/div>\n\t\n<a data-animate=\"bounceIn\" href=\"https:\/\/wantarts.com\/fr\/support\/contact\/\" class=\"button success\"  style=\"border-radius:30px;padding:5px 30px 5px 30px;\">\n\t\t<span>Prendre contact<\/span>\n\t<\/a>\n\n\n\n\t\t<\/div>\n\t\t\t\t\n<style>\n#col-897962343 > .col-inner {\n  padding: 50px 50px 50px 50px;\n  border-radius: 5px;\n}\n<\/style>\n\t<\/div>\n\n\t\n\n\n<style>\n#row-644867304 > .col > .col-inner {\n  background-color: rgb(255, 255, 255);\n}\n<\/style>\n<\/div>\n\n\t\t<\/div>\n\n\t\t\n<style>\n#section_678261385 {\n  padding-top: 30px;\n  padding-bottom: 30px;\n  min-height: 400px;\n  background-color: rgba(221, 153, 51, 0.116);\n}\n<\/style>\n\t<\/section>\n\t\n\n","protected":false},"excerpt":{"rendered":"","protected":false},"author":1,"featured_media":0,"parent":0,"menu_order":0,"comment_status":"closed","ping_status":"closed","template":"page-transparent-header.php","meta":{"footnotes":""},"class_list":["post-2036","page","type-page","status-publish","hentry"],"_links":{"self":[{"href":"https:\/\/wantarts.com\/fr\/wp-json\/wp\/v2\/pages\/2036","targetHints":{"allow":["GET"]}}],"collection":[{"href":"https:\/\/wantarts.com\/fr\/wp-json\/wp\/v2\/pages"}],"about":[{"href":"https:\/\/wantarts.com\/fr\/wp-json\/wp\/v2\/types\/page"}],"author":[{"embeddable":true,"href":"https:\/\/wantarts.com\/fr\/wp-json\/wp\/v2\/users\/1"}],"replies":[{"embeddable":true,"href":"https:\/\/wantarts.com\/fr\/wp-json\/wp\/v2\/comments?post=2036"}],"version-history":[{"count":6,"href":"https:\/\/wantarts.com\/fr\/wp-json\/wp\/v2\/pages\/2036\/revisions"}],"predecessor-version":[{"id":2280,"href":"https:\/\/wantarts.com\/fr\/wp-json\/wp\/v2\/pages\/2036\/revisions\/2280"}],"wp:attachment":[{"href":"https:\/\/wantarts.com\/fr\/wp-json\/wp\/v2\/media?parent=2036"}],"curies":[{"name":"wp","href":"https:\/\/api.w.org\/{rel}","templated":true}]}}