{"id":2093,"date":"2013-08-11T19:22:53","date_gmt":"2013-08-11T19:22:53","guid":{"rendered":"https:\/\/wantarts.com\/support\/contact\/"},"modified":"2024-11-15T10:46:18","modified_gmt":"2024-11-15T10:46:18","slug":"contact","status":"publish","type":"page","link":"https:\/\/wantarts.com\/fr\/support\/contact\/","title":{"rendered":"Contact"},"content":{"rendered":"\n\n\t<section class=\"section has-parallax\" id=\"section_1764864499\">\n\t\t<div class=\"section-bg fill\" data-parallax-container=\".section\" data-parallax-background data-parallax=\"-5\">\n\t\t\t<img loading=\"lazy\" decoding=\"async\" width=\"1536\" height=\"1024\" src=\"https:\/\/wantarts.com\/wp-content\/uploads\/2024\/09\/WantArts-Contact-1536x1024.jpg\" class=\"bg attachment-1536x1536 size-1536x1536\" alt=\"\" \/>\t\t\t\t\t\t\n\t\t\t\n\n\t\t<\/div>\n\n\t\t\n\n\t\t<div class=\"section-content relative\">\n\t\t\t\n\n<div class=\"row align-center\"  id=\"row-1564365298\">\n\n\n\t<div id=\"col-682740117\" class=\"col medium-8 small-11 large-7\"  >\n\t\t\t\t<div class=\"col-inner text-center\"  >\n\t\t\t\n\t\t\t\n\n\t<div id=\"text-3417350880\" class=\"text\">\n\t\t\n\n<h2 class=\"need-help__heading\"><strong><span class=\"need-help__title typography__heading--style-4\">Vous avez une question ?<\/span><\/strong><\/h2>\n<div id=\"contact\" class=\"contact clearfix\">\n<p>Avez-vous une question? Besoin d&rsquo;aide ? WantArts est l\u00e0 pour vous aider. Envoyez-nous simplement un message en utilisant le formulaire ci-dessous et nous vous contacterons.   <\/p>\n<\/div>\n\t\t\n<style>\n#text-3417350880 {\n  font-size: 1.2rem;\n  color: rgb(255,255,255);\n}\n#text-3417350880 > * {\n  color: rgb(255,255,255);\n}\n<\/style>\n\t<\/div>\n\t\n\n\t\t<\/div>\n\t\t\t\t\t<\/div>\n\n\t\n\n<\/div>\n\t<div id=\"gap-632598066\" class=\"gap-element clearfix\" style=\"display:block; height:auto;\">\n\t\t\n<style>\n#gap-632598066 {\n  padding-top: 60px;\n}\n<\/style>\n\t<\/div>\n\t\n\n\n\t\t<\/div>\n\n\t\t\n<style>\n#section_1764864499 {\n  padding-top: 100px;\n  padding-bottom: 100px;\n  background-color: rgb(237, 236, 232);\n}\n<\/style>\n\t<\/section>\n\t\n<div class=\"row align-center\"  id=\"row-1725247393\">\n\n\n\t<div id=\"col-1230874153\" class=\"col medium-11 small-12 large-11\"  >\n\t\t\t\t<div class=\"col-inner\"  >\n\t\t\t\n\t\t\t\n\n<div class=\"row\"  id=\"row-1222711619\">\n\n\n\t<div id=\"col-1487431744\" class=\"col medium-4 small-12 large-4\"  >\n\t\t\t\t<div class=\"col-inner\"  >\n\t\t\t\n\t\t\t\n\n\t<div class=\"box has-hover   has-hover box-text-bottom\" >\n\n\t\t<div class=\"box-image\" >\n\t\t\t\t\t\t<div class=\"image-cover\" style=\"padding-top:70%;\">\n\t\t\t\t<img loading=\"lazy\" decoding=\"async\" width=\"1280\" height=\"853\" src=\"https:\/\/wantarts.com\/wp-content\/uploads\/2024\/09\/WantArts-Switzerland.jpg\" class=\"attachment- size-\" alt=\"\" srcset=\"https:\/\/wantarts.com\/wp-content\/uploads\/2024\/09\/WantArts-Switzerland.jpg 1280w, https:\/\/wantarts.com\/wp-content\/uploads\/2024\/09\/WantArts-Switzerland-510x340.jpg 510w, https:\/\/wantarts.com\/wp-content\/uploads\/2024\/09\/WantArts-Switzerland-600x400.jpg 600w, https:\/\/wantarts.com\/wp-content\/uploads\/2024\/09\/WantArts-Switzerland-1200x800.jpg 1200w, https:\/\/wantarts.com\/wp-content\/uploads\/2024\/09\/WantArts-Switzerland-768x512.jpg 768w\" sizes=\"auto, (max-width: 1280px) 100vw, 1280px\" \/>\t\t\t\t\t\t\t\t\t\t\t<\/div>\n\t\t\t\t\t<\/div>\n\n\t\t<div class=\"box-text text-center\" style=\"padding:20px 0px 0px 0px;\">\n\t\t\t<div class=\"box-text-inner\">\n\t\t\t\t\n\n\t<div id=\"text-3147678765\" class=\"text\">\n\t\t\n\n<h6>Contact<\/h6>\n\t\t\n<style>\n#text-3147678765 {\n  color: #2c3e50;\n}\n#text-3147678765 > * {\n  color: #2c3e50;\n}\n<\/style>\n\t<\/div>\n\t\n\t<div id=\"text-72435149\" class=\"text\">\n\t\t\n\n<h3>SUISSE<\/h3>\n\t\t\n<style>\n#text-72435149 {\n  font-size: 1.25rem;\n  line-height: 1;\n  color: #2c3e50;\n}\n#text-72435149 > * {\n  color: #2c3e50;\n}\n<\/style>\n\t<\/div>\n\t\n<p><a href=\"mailto:switzerlandsupport@wantarts.com\">switzerlandsupport@wantarts.com<\/a><\/p>\n\t<div id=\"gap-422720157\" class=\"gap-element clearfix\" style=\"display:block; height:auto;\">\n\t\t\n<style>\n#gap-422720157 {\n  padding-top: 20px;\n}\n<\/style>\n\t<\/div>\n\t\n\n\n\t\t\t<\/div>\n\t\t<\/div>\n\t<\/div>\n\t\n\n\t\t<\/div>\n\t\t\t\t\t<\/div>\n\n\t\n\n\t<div id=\"col-1422488414\" class=\"col medium-4 small-12 large-4\"  >\n\t\t\t\t<div class=\"col-inner\"  >\n\t\t\t\n\t\t\t\n\n\t<div class=\"box has-hover   has-hover box-text-bottom\" >\n\n\t\t<div class=\"box-image\" >\n\t\t\t\t\t\t<div class=\"image-cover\" style=\"padding-top:70%;\">\n\t\t\t\t<img loading=\"lazy\" decoding=\"async\" width=\"1280\" height=\"853\" src=\"https:\/\/wantarts.com\/wp-content\/uploads\/2024\/09\/WantArts-France.jpg\" class=\"attachment- size-\" alt=\"\" srcset=\"https:\/\/wantarts.com\/wp-content\/uploads\/2024\/09\/WantArts-France.jpg 1280w, https:\/\/wantarts.com\/wp-content\/uploads\/2024\/09\/WantArts-France-510x340.jpg 510w, https:\/\/wantarts.com\/wp-content\/uploads\/2024\/09\/WantArts-France-600x400.jpg 600w, https:\/\/wantarts.com\/wp-content\/uploads\/2024\/09\/WantArts-France-1200x800.jpg 1200w, https:\/\/wantarts.com\/wp-content\/uploads\/2024\/09\/WantArts-France-768x512.jpg 768w\" sizes=\"auto, (max-width: 1280px) 100vw, 1280px\" \/>\t\t\t\t\t\t\t\t\t\t\t<\/div>\n\t\t\t\t\t<\/div>\n\n\t\t<div class=\"box-text text-center\" style=\"padding:20px 0px 0px 0px;\">\n\t\t\t<div class=\"box-text-inner\">\n\t\t\t\t\n\n\t<div id=\"text-1084600290\" class=\"text\">\n\t\t\n\n<h6>Contact<\/h6>\n\t\t\n<style>\n#text-1084600290 {\n  color: rgb(0,0,0);\n}\n#text-1084600290 > * {\n  color: rgb(0,0,0);\n}\n<\/style>\n\t<\/div>\n\t\n\t<div id=\"text-3540351842\" class=\"text\">\n\t\t\n\n<h3>FRANCE<\/h3>\n\t\t\n<style>\n#text-3540351842 {\n  font-size: 1.25rem;\n  line-height: 1;\n  color: #2c3e50;\n}\n#text-3540351842 > * {\n  color: #2c3e50;\n}\n<\/style>\n\t<\/div>\n\t\n<p><a href=\"mailto:francesupport@wantarts.com\">francesupport@wantarts.com<\/a><\/p>\n\t<div id=\"gap-55627497\" class=\"gap-element clearfix\" style=\"display:block; height:auto;\">\n\t\t\n<style>\n#gap-55627497 {\n  padding-top: 20px;\n}\n<\/style>\n\t<\/div>\n\t\n\n\n\t\t\t<\/div>\n\t\t<\/div>\n\t<\/div>\n\t\n\n\t\t<\/div>\n\t\t\t\t\t<\/div>\n\n\t\n\n\t<div id=\"col-1263200241\" class=\"col medium-4 small-12 large-4\"  >\n\t\t\t\t<div class=\"col-inner\"  >\n\t\t\t\n\t\t\t\n\n\t<div class=\"box has-hover   has-hover box-text-bottom\" >\n\n\t\t<div class=\"box-image\" >\n\t\t\t\t\t\t<div class=\"image-cover\" style=\"padding-top:70%;\">\n\t\t\t\t<img loading=\"lazy\" decoding=\"async\" width=\"1280\" height=\"960\" src=\"https:\/\/wantarts.com\/wp-content\/uploads\/2024\/09\/WantArts-Thailand.jpg\" class=\"attachment- size-\" alt=\"\" srcset=\"https:\/\/wantarts.com\/wp-content\/uploads\/2024\/09\/WantArts-Thailand.jpg 1280w, https:\/\/wantarts.com\/wp-content\/uploads\/2024\/09\/WantArts-Thailand-510x383.jpg 510w, https:\/\/wantarts.com\/wp-content\/uploads\/2024\/09\/WantArts-Thailand-533x400.jpg 533w, https:\/\/wantarts.com\/wp-content\/uploads\/2024\/09\/WantArts-Thailand-1067x800.jpg 1067w, https:\/\/wantarts.com\/wp-content\/uploads\/2024\/09\/WantArts-Thailand-768x576.jpg 768w\" sizes=\"auto, (max-width: 1280px) 100vw, 1280px\" \/>\t\t\t\t\t\t\t\t\t\t\t<\/div>\n\t\t\t\t\t<\/div>\n\n\t\t<div class=\"box-text text-center\" style=\"padding:20px 0px 0px 0px;\">\n\t\t\t<div class=\"box-text-inner\">\n\t\t\t\t\n\n\t<div id=\"text-2243278280\" class=\"text\">\n\t\t\n\n<h6>Contact<\/h6>\n\t\t\n<style>\n#text-2243278280 {\n  color: rgb(0,0,0);\n}\n#text-2243278280 > * {\n  color: rgb(0,0,0);\n}\n<\/style>\n\t<\/div>\n\t\n\t<div id=\"text-430530282\" class=\"text\">\n\t\t\n\n<h3>THAILANDE<\/h3>\n\t\t\n<style>\n#text-430530282 {\n  font-size: 1.25rem;\n  line-height: 1;\n  color: #2c3e50;\n}\n#text-430530282 > * {\n  color: #2c3e50;\n}\n<\/style>\n\t<\/div>\n\t\n<p><a href=\"mailto:thaisupport@wantarts.com\">thaisupport@wantarts.com<\/a><\/p>\n\t<div id=\"gap-2118366469\" class=\"gap-element clearfix\" style=\"display:block; height:auto;\">\n\t\t\n<style>\n#gap-2118366469 {\n  padding-top: 20px;\n}\n<\/style>\n\t<\/div>\n\t\n\n\n\t\t\t<\/div>\n\t\t<\/div>\n\t<\/div>\n\t\n\n\t\t<\/div>\n\t\t\t\t\t<\/div>\n\n\t\n\n<\/div>\n\n\t\t<\/div>\n\t\t\t\t\n<style>\n#col-1230874153 > .col-inner {\n  margin: -150px 0px 0px 0px;\n}\n<\/style>\n\t<\/div>\n\n\t\n\n<\/div>\n<div class=\"row align-center\"  id=\"row-281911139\">\n\n\n\t<div id=\"col-377884485\" class=\"col small-12 large-12\"  >\n\t\t\t\t<div class=\"col-inner\"  >\n\t\t\t\n\t\t\t\n\n<div class=\"text-center\"><div class=\"is-divider divider clearfix\" style=\"max-width:650px;\"><\/div><\/div>\n\n\n\t<section class=\"section\" id=\"section_1737171791\">\n\t\t<div class=\"section-bg fill\" >\n\t\t\t\t\t\t\t\t\t\n\t\t\t\n\t<div class=\"is-border\"\n\t\tstyle=\"border-color:rgb(235, 235, 235);border-width:1px 1px 1px 1px;\">\n\t<\/div>\n\n\t\t<\/div>\n\n\t\t\n\n\t\t<div class=\"section-content relative\">\n\t\t\t\n\n<div class=\"row row-large\"  id=\"row-857787524\">\n\n\n\t<div id=\"col-1988000626\" class=\"col medium-8 small-12 large-8\"  >\n\t\t\t\t<div class=\"col-inner\"  >\n\t\t\t\n\t\t\t\n\n\n<div class=\"wpcf7 no-js\" id=\"wpcf7-f4091-o1\" lang=\"fr-FR\" dir=\"ltr\" data-wpcf7-id=\"4091\">\n<div class=\"screen-reader-response\"><p role=\"status\" aria-live=\"polite\" aria-atomic=\"true\"><\/p> <ul><\/ul><\/div>\n<form action=\"\/fr\/wp-json\/wp\/v2\/pages\/2093#wpcf7-f4091-o1\" method=\"post\" class=\"wpcf7-form init\" aria-label=\"Formulaire de contact\" novalidate=\"novalidate\" data-status=\"init\">\n<div style=\"display: none;\">\n<input type=\"hidden\" name=\"_wpcf7\" value=\"4091\" \/>\n<input type=\"hidden\" name=\"_wpcf7_version\" value=\"6.0.6\" \/>\n<input type=\"hidden\" name=\"_wpcf7_locale\" value=\"fr_FR\" \/>\n<input type=\"hidden\" name=\"_wpcf7_unit_tag\" value=\"wpcf7-f4091-o1\" \/>\n<input type=\"hidden\" name=\"_wpcf7_container_post\" value=\"0\" \/>\n<input type=\"hidden\" name=\"_wpcf7_posted_data_hash\" value=\"\" \/>\n<\/div>\n<div class=\"form-flat\">\n\t<p><span class=\"wpcf7-form-control-wrap\" data-name=\"your-name\"><input size=\"40\" maxlength=\"400\" class=\"wpcf7-form-control wpcf7-text wpcf7-validates-as-required\" aria-required=\"true\" aria-invalid=\"false\" placeholder=\"Votre nom (obligatoire)\" value=\"\" type=\"text\" name=\"your-name\" \/><\/span>\n\t<\/p>\n\t<p><span class=\"wpcf7-form-control-wrap\" data-name=\"your-email\"><input size=\"40\" maxlength=\"400\" class=\"wpcf7-form-control wpcf7-email wpcf7-validates-as-required wpcf7-text wpcf7-validates-as-email\" aria-required=\"true\" aria-invalid=\"false\" placeholder=\"Votre e-mail (obligatoire)\" value=\"\" type=\"email\" name=\"your-email\" \/><\/span>\n\t<\/p>\n\t<p><span class=\"wpcf7-form-control-wrap\" data-name=\"your-message\"><textarea cols=\"40\" rows=\"10\" maxlength=\"2000\" class=\"wpcf7-form-control wpcf7-textarea\" aria-invalid=\"false\" placeholder=\"Votre message (obligatoire)\" name=\"your-message\"><\/textarea><\/span>\n\t<\/p>\n\t<p><input class=\"wpcf7-form-control wpcf7-submit has-spinner button\" type=\"submit\" value=\"Soumettre\" \/>\n\t<\/p>\n<\/div><div class=\"wpcf7-response-output\" aria-hidden=\"true\"><\/div>\n<\/form>\n<\/div>\n\n\n\n\t\t<\/div>\n\t\t\t\t\t<\/div>\n\n\t\n\n\t<div id=\"col-520624332\" class=\"col medium-4 small-12 large-4\"  >\n\t\t\t\t<div class=\"col-inner\"  >\n\t\t\t\n\t\t\t\n\n\t<div id=\"text-3257889635\" class=\"text\">\n\t\t\n\n<h6>R\u00c9SEAUX SOCIAUX<\/h6>\n<p>SUIVEZ WANTARTS<\/p>\n\t\t\n<style>\n#text-3257889635 {\n  color: #2c3e50;\n}\n#text-3257889635 > * {\n  color: #2c3e50;\n}\n<\/style>\n\t<\/div>\n\t\n\t<div id=\"gap-313970587\" class=\"gap-element clearfix\" style=\"display:block; height:auto;\">\n\t\t\n<style>\n#gap-313970587 {\n  padding-top: 20px;\n}\n<\/style>\n\t<\/div>\n\t\n\n<div class=\"social-icons follow-icons\" style=\"font-size:80%\"><a href=\"#\" target=\"_blank\" data-label=\"Facebook\" class=\"icon primary button circle facebook tooltip\" title=\"Nous suivre sur Facebook\" aria-label=\"Nous suivre sur Facebook\" rel=\"noopener nofollow\" ><i class=\"icon-facebook\" ><\/i><\/a><a href=\"#\" target=\"_blank\" data-label=\"Instagram\" class=\"icon primary button circle instagram tooltip\" title=\"Nous suivre sur Instagram\" aria-label=\"Nous suivre sur Instagram\" rel=\"noopener nofollow\" ><i class=\"icon-instagram\" ><\/i><\/a><a href=\"#\" data-label=\"Twitter\" target=\"_blank\" class=\"icon primary button circle twitter tooltip\" title=\"Nous suivre sur Twitter\" aria-label=\"Nous suivre sur Twitter\" rel=\"noopener nofollow\" ><i class=\"icon-twitter\" ><\/i><\/a><a href=\"#\" data-label=\"LinkedIn\" target=\"_blank\" class=\"icon primary button circle linkedin tooltip\" title=\"Nous suivre sur LinkedIn\" aria-label=\"Nous suivre sur LinkedIn\" rel=\"noopener nofollow\" ><i class=\"icon-linkedin\" ><\/i><\/a><\/div>\n\n\n\t\t<\/div>\n\t\t\t\t\t<\/div>\n\n\t\n\n\n<style>\n#row-857787524 > .col > .col-inner {\n  padding: 10px 10px 10px 10px;\n}\n@media (min-width:550px) {\n  #row-857787524 > .col > .col-inner {\n    padding: 30px 30px 0 30px;\n  }\n}\n<\/style>\n<\/div>\n\n\t\t<\/div>\n\n\t\t\n<style>\n#section_1737171791 {\n  padding-top: 30px;\n  padding-bottom: 30px;\n}\n<\/style>\n\t<\/section>\n\t\n\n\t\t<\/div>\n\t\t\t\t\n<style>\n#col-377884485 > .col-inner {\n  margin: 0px 0px 30px 0px;\n}\n<\/style>\n\t<\/div>\n\n\t\n\n<\/div>\n<div class=\"row row-collapse row-full-width\"  id=\"row-62036561\">\n\n\n\t<div id=\"col-191275503\" class=\"col small-12 large-12\"  >\n\t\t\t\t<div class=\"col-inner\"  >\n\t\t\t\n\t\t\t\n\n<div class=\"row row-collapse row-full-width align-equal\"  id=\"row-1476666417\">\n\n\n\t<div id=\"col-1930908013\" class=\"col medium-6 small-12 large-6\"  >\n\t\t\t\t<div class=\"col-inner text-center dark\" style=\"background-color:#5dade2;\" >\n\t\t\t\n\t\t\t\n\n\t<div id=\"text-678710315\" class=\"text\">\n\t\t\n\n<h3>SOLUTIONS SP\u00c9CIALES POUR LES ARTISTES<\/h3>\n\t\t\n<style>\n#text-678710315 {\n  font-size: 1.75rem;\n  line-height: 1.3;\n  color: rgb(0,0,0);\n}\n#text-678710315 > * {\n  color: rgb(0,0,0);\n}\n<\/style>\n\t<\/div>\n\t\n\t<div id=\"text-523425648\" class=\"text\">\n\t\t\n\n<p>Si vous \u00eates un artiste potentiel, visitez notre page de candidature d&rsquo;artiste pour plus d&rsquo;informations sur les services WantArts.<\/p>\n\t\t\n<style>\n#text-523425648 {\n  font-size: 1.65rem;\n  color: rgb(0,0,0);\n}\n#text-523425648 > * {\n  color: rgb(0,0,0);\n}\n<\/style>\n\t<\/div>\n\t\n<a href=\"https:\/\/wantarts.com\/fr\/solutions-pour-artistes\/\" class=\"button primary\"  style=\"padding:8px 30px 8px 30px;\">\n\t\t<span>SOLUTIONS POUR ARTISTES<\/span>\n\t<\/a>\n\n\n\n\t\t<\/div>\n\t\t\t\t\n<style>\n#col-1930908013 > .col-inner {\n  padding: 20% 10% 15% 10%;\n}\n@media (min-width:850px) {\n  #col-1930908013 > .col-inner {\n    padding: 20% 15% 15% 15%;\n  }\n}\n<\/style>\n\t<\/div>\n\n\t\n\n\t<div id=\"col-1644742477\" class=\"col medium-6 small-12 large-6\"  >\n\t\t\t\t<div class=\"col-inner text-center dark\" style=\"background-color:#2c3e50;\" >\n\t\t\t\n\t\t\t\n\n\t<div id=\"text-2379033062\" class=\"text\">\n\t\t\n\n<div class=\"page-redirect__title-hld\">\n<h2 class=\"u-heading u-heading--3 page-redirect__title\">Questions fr\u00e9quemment pos\u00e9es<\/h2>\n<\/div>\n\t\t\n<style>\n#text-2379033062 {\n  font-size: 1.75rem;\n  line-height: 0.75;\n}\n<\/style>\n\t<\/div>\n\t\n\t<div id=\"text-531657403\" class=\"text\">\n\t\t\n\n<p>Visitez notre page FAQ pour trouver imm\u00e9diatement des r\u00e9ponses \u00e0 vos questions.<\/p>\n\t\t\n<style>\n#text-531657403 {\n  font-size: 1.5rem;\n}\n<\/style>\n\t<\/div>\n\t\n<a href=\"https:\/\/wantarts.com\/support\/faq\/\" class=\"button white\"  style=\"padding:8px 30px 8px 30px;\">\n\t\t<span>FAQ PAGE<\/span>\n\t<\/a>\n\n\n\n\t\t<\/div>\n\t\t\t\t\n<style>\n#col-1644742477 > .col-inner {\n  padding: 20% 10% 15% 10%;\n}\n@media (min-width:850px) {\n  #col-1644742477 > .col-inner {\n    padding: 20% 15% 15% 15%;\n  }\n}\n<\/style>\n\t<\/div>\n\n\t\n\n<\/div>\n\n\t\t<\/div>\n\t\t\t\t\t<\/div>\n\n\t\n\n<\/div>\n\n","protected":false},"excerpt":{"rendered":"","protected":false},"author":1,"featured_media":0,"parent":2091,"menu_order":0,"comment_status":"closed","ping_status":"closed","template":"page-blank.php","meta":{"footnotes":""},"class_list":["post-2093","page","type-page","status-publish","hentry"],"_links":{"self":[{"href":"https:\/\/wantarts.com\/fr\/wp-json\/wp\/v2\/pages\/2093","targetHints":{"allow":["GET"]}}],"collection":[{"href":"https:\/\/wantarts.com\/fr\/wp-json\/wp\/v2\/pages"}],"about":[{"href":"https:\/\/wantarts.com\/fr\/wp-json\/wp\/v2\/types\/page"}],"author":[{"embeddable":true,"href":"https:\/\/wantarts.com\/fr\/wp-json\/wp\/v2\/users\/1"}],"replies":[{"embeddable":true,"href":"https:\/\/wantarts.com\/fr\/wp-json\/wp\/v2\/comments?post=2093"}],"version-history":[{"count":1,"href":"https:\/\/wantarts.com\/fr\/wp-json\/wp\/v2\/pages\/2093\/revisions"}],"predecessor-version":[{"id":2094,"href":"https:\/\/wantarts.com\/fr\/wp-json\/wp\/v2\/pages\/2093\/revisions\/2094"}],"up":[{"embeddable":true,"href":"https:\/\/wantarts.com\/fr\/wp-json\/wp\/v2\/pages\/2091"}],"wp:attachment":[{"href":"https:\/\/wantarts.com\/fr\/wp-json\/wp\/v2\/media?parent=2093"}],"curies":[{"name":"wp","href":"https:\/\/api.w.org\/{rel}","templated":true}]}}